{"id":1936,"date":"2023-02-15T18:02:44","date_gmt":"2023-02-15T18:02:44","guid":{"rendered":"https:\/\/urielplasticsurgery.com\/?page_id=1936"},"modified":"2023-02-16T01:21:59","modified_gmt":"2023-02-16T01:21:59","slug":"enlargement-and-thickening-of-the-penis-in-puerto-vallarta-and-nayarit","status":"publish","type":"page","link":"https:\/\/urielplasticsurgery.com\/en\/enlargement-and-thickening-of-the-penis-in-puerto-vallarta-and-nayarit\/","title":{"rendered":"penis-lengthening-and-thickening-in-puerto-vallarta-y-nayarit"},"content":{"rendered":"<div data-elementor-type=\"wp-page\" data-elementor-id=\"1936\" class=\"elementor elementor-1936\" data-elementor-post-type=\"page\">\n\t\t\t\t\t\t<section class=\"elementor-section elementor-top-section elementor-element elementor-element-667c7c5 elementor-section-boxed elementor-section-height-default elementor-section-height-default\" data-id=\"667c7c5\" data-element_type=\"section\" data-e-type=\"section\" data-settings=\"{&quot;background_background&quot;:&quot;classic&quot;}\">\n\t\t\t\t\t\t\t<div class=\"elementor-background-overlay\"><\/div>\n\t\t\t\t\t\t\t<div class=\"elementor-container elementor-column-gap-default\">\n\t\t\t\t\t<div class=\"elementor-column elementor-col-100 elementor-top-column elementor-element elementor-element-f36fcb9\" data-id=\"f36fcb9\" data-element_type=\"column\" data-e-type=\"column\">\n\t\t\t<div class=\"elementor-widget-wrap elementor-element-populated\">\n\t\t\t\t\t\t<div class=\"elementor-element elementor-element-fc47f4d elementor-widget elementor-widget-heading\" data-id=\"fc47f4d\" data-element_type=\"widget\" data-e-type=\"widget\" data-widget_type=\"heading.default\">\n\t\t\t\t\t<h1 class=\"elementor-heading-title elementor-size-default\">penis enlargement and thickening<\/h1>\t\t\t\t<\/div>\n\t\t\t\t<div class=\"elementor-element elementor-element-4d9dc68 elementor-widget elementor-widget-text-editor\" data-id=\"4d9dc68\" data-element_type=\"widget\" data-e-type=\"widget\" data-widget_type=\"text-editor.default\">\n\t\t\t\t\t\t\t\t\t<div><div><p><strong>Discover Penis Enlargement and Enlargement Techniques<\/strong><\/p><\/div><\/div>\t\t\t\t\t\t\t\t<\/div>\n\t\t\t\t\t<\/div>\n\t\t<\/div>\n\t\t\t\t\t<\/div>\n\t\t<\/section>\n\t\t\t\t<section class=\"elementor-section elementor-top-section elementor-element elementor-element-2a21547 elementor-section-boxed elementor-section-height-default elementor-section-height-default\" data-id=\"2a21547\" data-element_type=\"section\" data-e-type=\"section\">\n\t\t\t\t\t\t<div class=\"elementor-container elementor-column-gap-default\">\n\t\t\t\t\t<div class=\"elementor-column elementor-col-100 elementor-top-column elementor-element elementor-element-91a9b1c\" data-id=\"91a9b1c\" data-element_type=\"column\" data-e-type=\"column\">\n\t\t\t<div class=\"elementor-widget-wrap elementor-element-populated\">\n\t\t\t\t\t\t<div class=\"elementor-element elementor-element-c568dcf elementor-widget elementor-widget-heading\" data-id=\"c568dcf\" data-element_type=\"widget\" data-e-type=\"widget\" data-widget_type=\"heading.default\">\n\t\t\t\t\t<h2 class=\"elementor-heading-title elementor-size-default\">Penis enlargement and thickening techniques<\/h2>\t\t\t\t<\/div>\n\t\t\t\t<div class=\"elementor-element elementor-element-a1a9b1e elementor-widget elementor-widget-text-editor\" data-id=\"a1a9b1e\" data-element_type=\"widget\" data-e-type=\"widget\" data-widget_type=\"text-editor.default\">\n\t\t\t\t\t\t\t\t\t<p class=\"translation-block\"><span style=\"font-weight: 400\">Penis enlargement and thickening is a surgical technique that can be used to increase the length and girth of the penis. It is a complex procedure that involves lengthening the penis <\/span><b>by cutting the ligaments that attach it to the pubic bone, liposuction of the pubic bone, fat or hyaluronic acid injections up to gluteal dermal anthologous dermis grafting to the penis to increase its size. <\/b><span style=\"font-weight: 400\">Dr. Munoz is very experienced in this procedure and takes great care to ensure the best possible result.<\/p>\t\t\t\t\t\t\t\t<\/div>\n\t\t\t\t<div class=\"elementor-element elementor-element-381f2cb elementor-widget elementor-widget-heading\" data-id=\"381f2cb\" data-element_type=\"widget\" data-e-type=\"widget\" data-widget_type=\"heading.default\">\n\t\t\t\t\t<h3 class=\"elementor-heading-title elementor-size-default\">Why is it done<\/h3>\t\t\t\t<\/div>\n\t\t\t\t<div class=\"elementor-element elementor-element-e79290f elementor-widget elementor-widget-text-editor\" data-id=\"e79290f\" data-element_type=\"widget\" data-e-type=\"widget\" data-widget_type=\"text-editor.default\">\n\t\t\t\t\t\t\t\t\t<p><span style=\"font-weight: 400;\">Penis enlargement and thickening is performed to increase the size and width of the penis, as well as to improve its appearance. This procedure can be useful for men who are dissatisfied with the size of their penis or who may have a penis that is smaller than average.<\/span><\/p>\t\t\t\t\t\t\t\t<\/div>\n\t\t\t\t<div class=\"elementor-element elementor-element-1c071d8 elementor-widget elementor-widget-heading\" data-id=\"1c071d8\" data-element_type=\"widget\" data-e-type=\"widget\" data-widget_type=\"heading.default\">\n\t\t\t\t\t<h3 class=\"elementor-heading-title elementor-size-default\">Risks<\/h3>\t\t\t\t<\/div>\n\t\t\t\t<div class=\"elementor-element elementor-element-0ff5b1e elementor-widget elementor-widget-text-editor\" data-id=\"0ff5b1e\" data-element_type=\"widget\" data-e-type=\"widget\" data-widget_type=\"text-editor.default\">\n\t\t\t\t\t\t\t\t\t<p><span style=\"font-weight: 400;\">Risks associated with penile enlargement and thickening include infection, bleeding, scarring and possible nerve damage. As with any surgical procedure, there is also a risk of complications from anesthesia.<\/span><\/p>\t\t\t\t\t\t\t\t<\/div>\n\t\t\t\t<div class=\"elementor-element elementor-element-d950b99 elementor-widget elementor-widget-heading\" data-id=\"d950b99\" data-element_type=\"widget\" data-e-type=\"widget\" data-widget_type=\"heading.default\">\n\t\t\t\t\t<h2 class=\"elementor-heading-title elementor-size-default\">how do i prepare for treatment?<\/h2>\t\t\t\t<\/div>\n\t\t\t\t<div class=\"elementor-element elementor-element-404fef2 elementor-widget elementor-widget-text-editor\" data-id=\"404fef2\" data-element_type=\"widget\" data-e-type=\"widget\" data-widget_type=\"text-editor.default\">\n\t\t\t\t\t\t\t\t\t<p><span style=\"font-weight: 400;\">Before undergoing this procedure, the patient should discuss with Dr. Mu\u00f1oz his medical history and any medications he is taking. In addition, the patient should stop taking certain medications, such as aspirin and ibuprofen, for at least two weeks prior to the procedure.<\/span><\/p>\t\t\t\t\t\t\t\t<\/div>\n\t\t\t\t<div class=\"elementor-element elementor-element-83f9fe3 elementor-widget elementor-widget-heading\" data-id=\"83f9fe3\" data-element_type=\"widget\" data-e-type=\"widget\" data-widget_type=\"heading.default\">\n\t\t\t\t\t<h3 class=\"elementor-heading-title elementor-size-default\">What to expect:<\/h3>\t\t\t\t<\/div>\n\t\t\t\t<div class=\"elementor-element elementor-element-1cfae10 elementor-widget elementor-widget-text-editor\" data-id=\"1cfae10\" data-element_type=\"widget\" data-e-type=\"widget\" data-widget_type=\"text-editor.default\">\n\t\t\t\t\t\t\t\t\t<p><span style=\"font-weight: 400;\">The procedure usually takes about two hours and is performed under general anesthesia. During the procedure, Dr. Munoz will make small incisions in the pubic area and inject fat into the penis to increase its size. Fat will be taken from other parts of the body, such as the buttocks or abdomen.<\/span><\/p>\t\t\t\t\t\t\t\t<\/div>\n\t\t\t\t<div class=\"elementor-element elementor-element-ba0d650 elementor-widget elementor-widget-heading\" data-id=\"ba0d650\" data-element_type=\"widget\" data-e-type=\"widget\" data-widget_type=\"heading.default\">\n\t\t\t\t\t<h3 class=\"elementor-heading-title elementor-size-default\">During the procedure:\n<\/h3>\t\t\t\t<\/div>\n\t\t\t\t<div class=\"elementor-element elementor-element-f31732a elementor-widget elementor-widget-text-editor\" data-id=\"f31732a\" data-element_type=\"widget\" data-e-type=\"widget\" data-widget_type=\"text-editor.default\">\n\t\t\t\t\t\t\t\t\t<p><span style=\"font-weight: 400;\">During the procedure, Dr. Munoz will take great care to ensure the best possible result. He will use the latest and most advanced techniques to ensure that the results are natural and beautiful.<\/span><\/p>\t\t\t\t\t\t\t\t<\/div>\n\t\t\t\t<div class=\"elementor-element elementor-element-6e70f44 elementor-widget elementor-widget-heading\" data-id=\"6e70f44\" data-element_type=\"widget\" data-e-type=\"widget\" data-widget_type=\"heading.default\">\n\t\t\t\t\t<h3 class=\"elementor-heading-title elementor-size-default\">After the procedure:\n<\/h3>\t\t\t\t<\/div>\n\t\t\t\t<div class=\"elementor-element elementor-element-052a673 elementor-widget elementor-widget-text-editor\" data-id=\"052a673\" data-element_type=\"widget\" data-e-type=\"widget\" data-widget_type=\"text-editor.default\">\n\t\t\t\t\t\t\t\t\t<p><span style=\"font-weight: 400;\">After the procedure, the patient will be taken to a recovery room and monitored for a few hours. The patient should expect some swelling and bruising in the area and should follow all postoperative instructions given by Dr. Mu\u00f1oz.<\/span><\/p>\t\t\t\t\t\t\t\t<\/div>\n\t\t\t\t<div class=\"elementor-element elementor-element-2e3e368 elementor-widget elementor-widget-heading\" data-id=\"2e3e368\" data-element_type=\"widget\" data-e-type=\"widget\" data-widget_type=\"heading.default\">\n\t\t\t\t\t<h2 class=\"elementor-heading-title elementor-size-default\">Penis Augmentation Results<\/h2>\t\t\t\t<\/div>\n\t\t\t\t<div class=\"elementor-element elementor-element-b30e333 elementor-widget elementor-widget-text-editor\" data-id=\"b30e333\" data-element_type=\"widget\" data-e-type=\"widget\" data-widget_type=\"text-editor.default\">\n\t\t\t\t\t\t\t\t\t<p><span style=\"font-weight: 400;\">The results of the procedure may vary depending on the patient and the technique used. Most patients can expect a significant increase in penile size and girth, as well as a more aesthetically pleasing shape. Results are typically long-lasting and can be seen within a few weeks of the procedure.<\/span><\/p><p>\u00a0<\/p>\t\t\t\t\t\t\t\t<\/div>\n\t\t\t\t<div class=\"elementor-element elementor-element-43eca9b elementor-widget elementor-widget-heading\" data-id=\"43eca9b\" data-element_type=\"widget\" data-e-type=\"widget\" data-widget_type=\"heading.default\">\n\t\t\t\t\t<h2 class=\"elementor-heading-title elementor-size-default\">Schedule a consultation with Dr. Uriel Mu\u00f1oz:\n<\/h2>\t\t\t\t<\/div>\n\t\t\t\t<div class=\"elementor-element elementor-element-41e0d96 elementor-widget elementor-widget-text-editor\" data-id=\"41e0d96\" data-element_type=\"widget\" data-e-type=\"widget\" data-widget_type=\"text-editor.default\">\n\t\t\t\t\t\t\t\t\t<p><span style=\"font-weight: 400;\">If you are interested in penile enlargement and thickening, contact Dr. Munoz to schedule a consultation. During your consultation, Dr. Munoz will discuss your options, answer any questions you may have, and determine if this procedure is right for you. With Dr. Munoz's expertise, you can rest assured that you are in good hands.<\/span><\/p>\t\t\t\t\t\t\t\t<\/div>\n\t\t\t\t\t<\/div>\n\t\t<\/div>\n\t\t\t\t\t<\/div>\n\t\t<\/section>\n\t\t\t\t<\/div>","protected":false},"excerpt":{"rendered":"<p>alargamiento y engrosamiento de pene Descubre las tecnicas de Alargamiento y Engrosamiento de pene T\u00e9cnicas de alargamiento y engrosamiento del pene El alargamiento y engrosamiento del pene es una t\u00e9cnica quir\u00fargica que puede utilizarse para aumentar la longitud y el grosor del pene. Es un procedimiento complejo que consiste en alargar el pene cortando los [&hellip;]<\/p>\n","protected":false},"author":1,"featured_media":0,"parent":0,"menu_order":0,"comment_status":"closed","ping_status":"closed","template":"","meta":{"_acf_changed":false,"inline_featured_image":false,"site-sidebar-layout":"no-sidebar","site-content-layout":"page-builder","ast-site-content-layout":"default","site-content-style":"default","site-sidebar-style":"default","ast-global-header-display":"","ast-banner-title-visibility":"","ast-main-header-display":"","ast-hfb-above-header-display":"","ast-hfb-below-header-display":"","ast-hfb-mobile-header-display":"","site-post-title":"disabled","ast-breadcrumbs-content":"","ast-featured-img":"disabled","footer-sml-layout":"","ast-disable-related-posts":"","theme-transparent-header-meta":"","adv-header-id-meta":"","stick-header-meta":"","header-above-stick-meta":"","header-main-stick-meta":"","header-below-stick-meta":"","astra-migrate-meta-layouts":"default","ast-page-background-enabled":"default","ast-page-background-meta":{"desktop":{"background-color":"","background-image":"","background-repeat":"repeat","background-position":"center center","background-size":"auto","background-attachment":"scroll","background-type":"","background-media":"","overlay-type":"","overlay-color":"","overlay-opacity":"","overlay-gradient":""},"tablet":{"background-color":"","background-image":"","background-repeat":"repeat","background-position":"center center","background-size":"auto","background-attachment":"scroll","background-type":"","background-media":"","overlay-type":"","overlay-color":"","overlay-opacity":"","overlay-gradient":""},"mobile":{"background-color":"","background-image":"","background-repeat":"repeat","background-position":"center center","background-size":"auto","background-attachment":"scroll","background-type":"","background-media":"","overlay-type":"","overlay-color":"","overlay-opacity":"","overlay-gradient":""}},"ast-content-background-meta":{"desktop":{"background-color":"var(--ast-global-color-5)","background-image":"","background-repeat":"repeat","background-position":"center center","background-size":"auto","background-attachment":"scroll","background-type":"","background-media":"","overlay-type":"","overlay-color":"","overlay-opacity":"","overlay-gradient":""},"tablet":{"background-color":"var(--ast-global-color-5)","background-image":"","background-repeat":"repeat","background-position":"center center","background-size":"auto","background-attachment":"scroll","background-type":"","background-media":"","overlay-type":"","overlay-color":"","overlay-opacity":"","overlay-gradient":""},"mobile":{"background-color":"var(--ast-global-color-5)","background-image":"","background-repeat":"repeat","background-position":"center center","background-size":"auto","background-attachment":"scroll","background-type":"","background-media":"","overlay-type":"","overlay-color":"","overlay-opacity":"","overlay-gradient":""}},"footnotes":""},"class_list":["post-1936","page","type-page","status-publish","hentry"],"acf":[],"_links":{"self":[{"href":"https:\/\/urielplasticsurgery.com\/en\/wp-json\/wp\/v2\/pages\/1936","targetHints":{"allow":["GET"]}}],"collection":[{"href":"https:\/\/urielplasticsurgery.com\/en\/wp-json\/wp\/v2\/pages"}],"about":[{"href":"https:\/\/urielplasticsurgery.com\/en\/wp-json\/wp\/v2\/types\/page"}],"author":[{"embeddable":true,"href":"https:\/\/urielplasticsurgery.com\/en\/wp-json\/wp\/v2\/users\/1"}],"replies":[{"embeddable":true,"href":"https:\/\/urielplasticsurgery.com\/en\/wp-json\/wp\/v2\/comments?post=1936"}],"version-history":[{"count":0,"href":"https:\/\/urielplasticsurgery.com\/en\/wp-json\/wp\/v2\/pages\/1936\/revisions"}],"wp:attachment":[{"href":"https:\/\/urielplasticsurgery.com\/en\/wp-json\/wp\/v2\/media?parent=1936"}],"curies":[{"name":"wp","href":"https:\/\/api.w.org\/{rel}","templated":true}]}}