{"id":1684,"date":"2023-02-14T21:34:36","date_gmt":"2023-02-14T21:34:36","guid":{"rendered":"https:\/\/urielplasticsurgery.com\/?page_id=1684"},"modified":"2026-01-24T20:57:39","modified_gmt":"2026-01-24T20:57:39","slug":"abdominoplasty","status":"publish","type":"page","link":"https:\/\/urielplasticsurgery.com\/en\/plastic-surgery-mexico\/body\/abdominoplasty\/","title":{"rendered":"Abdominoplasty"},"content":{"rendered":"<div data-elementor-type=\"wp-page\" data-elementor-id=\"1684\" class=\"elementor elementor-1684\" data-elementor-post-type=\"page\">\n\t\t\t\t\t\t<section class=\"elementor-section elementor-top-section elementor-element elementor-element-5259f05 elementor-section-boxed elementor-section-height-default elementor-section-height-default\" data-id=\"5259f05\" data-element_type=\"section\" data-e-type=\"section\" data-settings=\"{&quot;background_background&quot;:&quot;classic&quot;}\">\n\t\t\t\t\t\t\t<div class=\"elementor-background-overlay\"><\/div>\n\t\t\t\t\t\t\t<div class=\"elementor-container elementor-column-gap-default\">\n\t\t\t\t\t<div class=\"elementor-column elementor-col-100 elementor-top-column elementor-element elementor-element-e7f4264\" data-id=\"e7f4264\" data-element_type=\"column\" data-e-type=\"column\">\n\t\t\t<div class=\"elementor-widget-wrap elementor-element-populated\">\n\t\t\t\t\t\t<div class=\"elementor-element elementor-element-39daa51 elementor-widget elementor-widget-heading\" data-id=\"39daa51\" data-element_type=\"widget\" data-e-type=\"widget\" data-widget_type=\"heading.default\">\n\t\t\t\t\t<h1 class=\"elementor-heading-title elementor-size-default\">Abdominoplasty<\/h1>\t\t\t\t<\/div>\n\t\t\t\t<div class=\"elementor-element elementor-element-fad3aa4 elementor-widget elementor-widget-text-editor\" data-id=\"fad3aa4\" data-element_type=\"widget\" data-e-type=\"widget\" data-widget_type=\"text-editor.default\">\n\t\t\t\t\t\t\t\t\t<div>\n<div>\n<p><strong>Elimina la piel sobrante y los tejidos relajados de la zona abdominal, dejando una piel y unos m\u00fasculos m\u00e1s tonificados.<\/strong><\/p>\n<\/div>\n<\/div>\t\t\t\t\t\t\t\t<\/div>\n\t\t\t\t\t<\/div>\n\t\t<\/div>\n\t\t\t\t\t<\/div>\n\t\t<\/section>\n\t\t\t\t<section class=\"elementor-section elementor-top-section elementor-element elementor-element-fb9dc30 elementor-section-boxed elementor-section-height-default elementor-section-height-default\" data-id=\"fb9dc30\" data-element_type=\"section\" data-e-type=\"section\">\n\t\t\t\t\t\t<div class=\"elementor-container elementor-column-gap-default\">\n\t\t\t\t\t<div class=\"elementor-column elementor-col-100 elementor-top-column elementor-element elementor-element-e3281b3\" data-id=\"e3281b3\" data-element_type=\"column\" data-e-type=\"column\">\n\t\t\t<div class=\"elementor-widget-wrap elementor-element-populated\">\n\t\t\t\t\t\t<div class=\"elementor-element elementor-element-5ca7728 elementor-widget elementor-widget-heading\" data-id=\"5ca7728\" data-element_type=\"widget\" data-e-type=\"widget\" data-widget_type=\"heading.default\">\n\t\t\t\t\t<h2 class=\"elementor-heading-title elementor-size-default\">\u00bfQu\u00e9 es una Abdominoplastia?<\/h2>\t\t\t\t<\/div>\n\t\t\t\t<div class=\"elementor-element elementor-element-5279cfd elementor-widget elementor-widget-text-editor\" data-id=\"5279cfd\" data-element_type=\"widget\" data-e-type=\"widget\" data-widget_type=\"text-editor.default\">\n\t\t\t\t\t\t\t\t\t<p><span style=\"font-weight: 400;\">Una abdominoplastia es un procedimiento quir\u00fargico dise\u00f1ado para remover el exceso de grasa y piel del abdomen, al mismo tiempo que tensa los m\u00fasculos abdominales para crear un est\u00f3mago m\u00e1s plano y liso. Es un procedimiento ideal para las personas que han perdido una cantidad significativa de peso, o para aquellos que quieren mejorar su contorno corporal. El procedimiento tambi\u00e9n se puede utilizar para corregir cualquier laxitud de la pared abdominal causada por el embarazo o el envejecimiento.<\/span><\/p>\t\t\t\t\t\t\t\t<\/div>\n\t\t\t\t<div class=\"elementor-element elementor-element-564816b elementor-widget elementor-widget-heading\" data-id=\"564816b\" data-element_type=\"widget\" data-e-type=\"widget\" data-widget_type=\"heading.default\">\n\t\t\t\t\t<h3 class=\"elementor-heading-title elementor-size-default\">\u00bfQu\u00e9 puede hacer una abdominoplastia?<\/h3>\t\t\t\t<\/div>\n\t\t\t\t<div class=\"elementor-element elementor-element-bb23d57 elementor-widget elementor-widget-text-editor\" data-id=\"bb23d57\" data-element_type=\"widget\" data-e-type=\"widget\" data-widget_type=\"text-editor.default\">\n\t\t\t\t\t\t\t\t\t<p><span style=\"font-weight: 400;\">Una abdominoplastia puede ayudar a mejorar el aspecto de la zona abdominal, proporcionando a los pacientes un vientre m\u00e1s plano y liso. Tambi\u00e9n puede ayudar a corregir cualquier laxitud de la pared abdominal causada por el embarazo o el envejecimiento. Adem\u00e1s, puede ayudar a reducir la aparici\u00f3n de estr\u00edas y cicatrices, as\u00ed como a mejorar la postura y la fuerza central.<\/span><\/p>\t\t\t\t\t\t\t\t<\/div>\n\t\t\t\t<div class=\"elementor-element elementor-element-d3b9f87 elementor-widget elementor-widget-heading\" data-id=\"d3b9f87\" data-element_type=\"widget\" data-e-type=\"widget\" data-widget_type=\"heading.default\">\n\t\t\t\t\t<h3 class=\"elementor-heading-title elementor-size-default\">\u00bfExiste alg\u00fan riesgo?\n<\/h3>\t\t\t\t<\/div>\n\t\t\t\t<div class=\"elementor-element elementor-element-862bbbd elementor-widget elementor-widget-text-editor\" data-id=\"862bbbd\" data-element_type=\"widget\" data-e-type=\"widget\" data-widget_type=\"text-editor.default\">\n\t\t\t\t\t\t\t\t\t<p><span style=\"font-weight: 400;\">Como en cualquier intervenci\u00f3n quir\u00fargica, la abdominoplastia conlleva ciertos riesgos. Entre ellos se incluyen infecciones, hemorragias, cicatrices y lesiones nerviosas. Es importante discutir cualquier riesgo potencial con el Dr. Mu\u00f1oz antes de su procedimiento.<\/span><\/p>\t\t\t\t\t\t\t\t<\/div>\n\t\t\t\t<div class=\"elementor-element elementor-element-841563a elementor-widget elementor-widget-heading\" data-id=\"841563a\" data-element_type=\"widget\" data-e-type=\"widget\" data-widget_type=\"heading.default\">\n\t\t\t\t\t<h3 class=\"elementor-heading-title elementor-size-default\">\u00bfC\u00f3mo es la Recuperaci\u00f3n?<\/h3>\t\t\t\t<\/div>\n\t\t\t\t<div class=\"elementor-element elementor-element-bea20d7 elementor-widget elementor-widget-text-editor\" data-id=\"bea20d7\" data-element_type=\"widget\" data-e-type=\"widget\" data-widget_type=\"text-editor.default\">\n\t\t\t\t\t\t\t\t\t<p><span style=\"font-weight: 400;\">La recuperaci\u00f3n de una abdominoplastia variar\u00e1 de paciente a paciente, pero t\u00edpicamente los pacientes pueden esperar volver a sus actividades normales dentro de dos a cuatro semanas. Durante este tiempo, es importante seguir las instrucciones postoperatorias del Dr. Mu\u00f1oz para asegurar una recuperaci\u00f3n exitosa.<\/span><\/p>\t\t\t\t\t\t\t\t<\/div>\n\t\t\t\t<div class=\"elementor-element elementor-element-97cfc75 elementor-widget elementor-widget-heading\" data-id=\"97cfc75\" data-element_type=\"widget\" data-e-type=\"widget\" data-widget_type=\"heading.default\">\n\t\t\t\t\t<h3 class=\"elementor-heading-title elementor-size-default\">Schedule a Consultation with Dr. Uriel Mu\u00f1oz<\/h3>\t\t\t\t<\/div>\n\t\t\t\t<div class=\"elementor-element elementor-element-78d0aaa elementor-widget elementor-widget-text-editor\" data-id=\"78d0aaa\" data-element_type=\"widget\" data-e-type=\"widget\" data-widget_type=\"text-editor.default\">\n\t\t\t\t\t\t\t\t\t<p><span style=\"font-weight: 400;\">Si usted est\u00e1 interesado en aprender m\u00e1s acerca de una abdominoplastia y c\u00f3mo podr\u00eda ayudarle a lograr los resultados deseados, programe una consulta con el Dr. Uriel Mu\u00f1oz hoy. Durante su consulta, el Dr. Mu\u00f1oz evaluar\u00e1 sus necesidades individuales y discutir\u00e1 los riesgos y beneficios del procedimiento.<\/span><\/p>\t\t\t\t\t\t\t\t<\/div>\n\t\t\t\t<div class=\"elementor-element elementor-element-04de95d elementor-widget elementor-widget-heading\" data-id=\"04de95d\" data-element_type=\"widget\" data-e-type=\"widget\" data-widget_type=\"heading.default\">\n\t\t\t\t\t<h4 class=\"elementor-heading-title elementor-size-default\">Contacte al Dr. Uriel Mu\u00f1oz Hoy<\/h4>\t\t\t\t<\/div>\n\t\t\t\t<div class=\"elementor-element elementor-element-17c3b4d elementor-widget elementor-widget-text-editor\" data-id=\"17c3b4d\" data-element_type=\"widget\" data-e-type=\"widget\" data-widget_type=\"text-editor.default\">\n\t\t\t\t\t\t\t\t\t<p><span style=\"font-weight: 400;\">Para aprender m\u00e1s acerca de una abdominoplastia y c\u00f3mo podr\u00eda ayudarle a lograr los resultados deseados, contacte al Dr. Uriel Mu\u00f1oz hoy para programar su consulta.<\/span><\/p>\t\t\t\t\t\t\t\t<\/div>\n\t\t\t\t\t<\/div>\n\t\t<\/div>\n\t\t\t\t\t<\/div>\n\t\t<\/section>\n\t\t\t\t<\/div>","protected":false},"excerpt":{"rendered":"<p>Abdominoplastia Elimina la piel sobrante y los tejidos relajados de la zona abdominal, dejando una piel y unos m\u00fasculos m\u00e1s tonificados. \u00bfQu\u00e9 es una Abdominoplastia? Una abdominoplastia es un procedimiento quir\u00fargico dise\u00f1ado para remover el exceso de grasa y piel del abdomen, al mismo tiempo que tensa los m\u00fasculos abdominales para crear un est\u00f3mago m\u00e1s [&hellip;]<\/p>\n","protected":false},"author":3,"featured_media":1845,"parent":4353,"menu_order":0,"comment_status":"closed","ping_status":"closed","template":"","meta":{"_acf_changed":false,"inline_featured_image":false,"site-sidebar-layout":"no-sidebar","site-content-layout":"page-builder","ast-site-content-layout":"full-width-container","site-content-style":"unboxed","site-sidebar-style":"unboxed","ast-global-header-display":"","ast-banner-title-visibility":"","ast-main-header-display":"","ast-hfb-above-header-display":"","ast-hfb-below-header-display":"","ast-hfb-mobile-header-display":"","site-post-title":"disabled","ast-breadcrumbs-content":"","ast-featured-img":"disabled","footer-sml-layout":"","ast-disable-related-posts":"","theme-transparent-header-meta":"","adv-header-id-meta":"","stick-header-meta":"","header-above-stick-meta":"","header-main-stick-meta":"","header-below-stick-meta":"","astra-migrate-meta-layouts":"set","ast-page-background-enabled":"default","ast-page-background-meta":{"desktop":{"background-color":"","background-image":"","background-repeat":"repeat","background-position":"center center","background-size":"auto","background-attachment":"scroll","background-type":"","background-media":"","overlay-type":"","overlay-color":"","overlay-opacity":"","overlay-gradient":""},"tablet":{"background-color":"","background-image":"","background-repeat":"repeat","background-position":"center center","background-size":"auto","background-attachment":"scroll","background-type":"","background-media":"","overlay-type":"","overlay-color":"","overlay-opacity":"","overlay-gradient":""},"mobile":{"background-color":"","background-image":"","background-repeat":"repeat","background-position":"center center","background-size":"auto","background-attachment":"scroll","background-type":"","background-media":"","overlay-type":"","overlay-color":"","overlay-opacity":"","overlay-gradient":""}},"ast-content-background-meta":{"desktop":{"background-color":"var(--ast-global-color-5)","background-image":"","background-repeat":"repeat","background-position":"center center","background-size":"auto","background-attachment":"scroll","background-type":"","background-media":"","overlay-type":"","overlay-color":"","overlay-opacity":"","overlay-gradient":""},"tablet":{"background-color":"var(--ast-global-color-5)","background-image":"","background-repeat":"repeat","background-position":"center center","background-size":"auto","background-attachment":"scroll","background-type":"","background-media":"","overlay-type":"","overlay-color":"","overlay-opacity":"","overlay-gradient":""},"mobile":{"background-color":"var(--ast-global-color-5)","background-image":"","background-repeat":"repeat","background-position":"center center","background-size":"auto","background-attachment":"scroll","background-type":"","background-media":"","overlay-type":"","overlay-color":"","overlay-opacity":"","overlay-gradient":""}},"footnotes":""},"class_list":["post-1684","page","type-page","status-publish","has-post-thumbnail","hentry"],"acf":[],"_links":{"self":[{"href":"https:\/\/urielplasticsurgery.com\/en\/wp-json\/wp\/v2\/pages\/1684","targetHints":{"allow":["GET"]}}],"collection":[{"href":"https:\/\/urielplasticsurgery.com\/en\/wp-json\/wp\/v2\/pages"}],"about":[{"href":"https:\/\/urielplasticsurgery.com\/en\/wp-json\/wp\/v2\/types\/page"}],"author":[{"embeddable":true,"href":"https:\/\/urielplasticsurgery.com\/en\/wp-json\/wp\/v2\/users\/3"}],"replies":[{"embeddable":true,"href":"https:\/\/urielplasticsurgery.com\/en\/wp-json\/wp\/v2\/comments?post=1684"}],"version-history":[{"count":0,"href":"https:\/\/urielplasticsurgery.com\/en\/wp-json\/wp\/v2\/pages\/1684\/revisions"}],"up":[{"embeddable":true,"href":"https:\/\/urielplasticsurgery.com\/en\/wp-json\/wp\/v2\/pages\/4353"}],"wp:featuredmedia":[{"embeddable":true,"href":"https:\/\/urielplasticsurgery.com\/en\/wp-json\/wp\/v2\/media\/1845"}],"wp:attachment":[{"href":"https:\/\/urielplasticsurgery.com\/en\/wp-json\/wp\/v2\/media?parent=1684"}],"curies":[{"name":"wp","href":"https:\/\/api.w.org\/{rel}","templated":true}]}}