{"id":1668,"date":"2023-02-14T20:47:19","date_gmt":"2023-02-14T20:47:19","guid":{"rendered":"https:\/\/urielplasticsurgery.com\/?page_id=1668"},"modified":"2026-01-24T01:11:12","modified_gmt":"2026-01-24T01:11:12","slug":"mini-abdominoplasty","status":"publish","type":"page","link":"https:\/\/urielplasticsurgery.com\/en\/plastic-surgery-mexico\/body\/mini-abdominoplasty\/","title":{"rendered":"Mini Abdominoplasty"},"content":{"rendered":"<div data-elementor-type=\"wp-page\" data-elementor-id=\"1668\" class=\"elementor elementor-1668\" data-elementor-post-type=\"page\">\n\t\t\t\t\t\t<section class=\"elementor-section elementor-top-section elementor-element elementor-element-7e733b1 elementor-section-boxed elementor-section-height-default elementor-section-height-default\" data-id=\"7e733b1\" data-element_type=\"section\" data-e-type=\"section\" data-settings=\"{&quot;background_background&quot;:&quot;classic&quot;}\">\n\t\t\t\t\t\t\t<div class=\"elementor-background-overlay\"><\/div>\n\t\t\t\t\t\t\t<div class=\"elementor-container elementor-column-gap-default\">\n\t\t\t\t\t<div class=\"elementor-column elementor-col-100 elementor-top-column elementor-element elementor-element-2c93952\" data-id=\"2c93952\" data-element_type=\"column\" data-e-type=\"column\">\n\t\t\t<div class=\"elementor-widget-wrap elementor-element-populated\">\n\t\t\t\t\t\t<div class=\"elementor-element elementor-element-5bbcd81 elementor-widget elementor-widget-heading\" data-id=\"5bbcd81\" data-element_type=\"widget\" data-e-type=\"widget\" data-widget_type=\"heading.default\">\n\t\t\t\t\t<h1 class=\"elementor-heading-title elementor-size-default\">Mini Tummy Tuck<\/h1>\t\t\t\t<\/div>\n\t\t\t\t<div class=\"elementor-element elementor-element-dbe0435 elementor-widget elementor-widget-text-editor\" data-id=\"dbe0435\" data-element_type=\"widget\" data-e-type=\"widget\" data-widget_type=\"text-editor.default\">\n\t\t\t\t\t\t\t\t\t<p><strong>Rely on Dr. Uriel Mu\u00f1oz for the best results.<\/strong><\/p>\t\t\t\t\t\t\t\t<\/div>\n\t\t\t\t\t<\/div>\n\t\t<\/div>\n\t\t\t\t\t<\/div>\n\t\t<\/section>\n\t\t\t\t<section class=\"elementor-section elementor-top-section elementor-element elementor-element-18ceafe elementor-section-boxed elementor-section-height-default elementor-section-height-default\" data-id=\"18ceafe\" data-element_type=\"section\" data-e-type=\"section\">\n\t\t\t\t\t\t<div class=\"elementor-container elementor-column-gap-default\">\n\t\t\t\t\t<div class=\"elementor-column elementor-col-100 elementor-top-column elementor-element elementor-element-caca93c\" data-id=\"caca93c\" data-element_type=\"column\" data-e-type=\"column\">\n\t\t\t<div class=\"elementor-widget-wrap elementor-element-populated\">\n\t\t\t\t\t\t<div class=\"elementor-element elementor-element-bda372d elementor-widget elementor-widget-heading\" data-id=\"bda372d\" data-element_type=\"widget\" data-e-type=\"widget\" data-widget_type=\"heading.default\">\n\t\t\t\t\t<h2 class=\"elementor-heading-title elementor-size-default\">What is a Mini Abdominoplasty?<\/h2>\t\t\t\t<\/div>\n\t\t\t\t<div class=\"elementor-element elementor-element-758c360 elementor-widget elementor-widget-text-editor\" data-id=\"758c360\" data-element_type=\"widget\" data-e-type=\"widget\" data-widget_type=\"text-editor.default\">\n\t\t\t\t\t\t\t\t\t<p>A mini-abdominoplasty, also known as a partial abdominoplasty, is a surgical procedure designed to flatten and reshape the abdomen. The procedure removes excess skin and fat, tightens the abdominal muscles and repositions the navel. A mini tummy tuck can give you a more toned and sculpted belly, reducing the appearance of bulging and resulting in a smoother, flatter abdomen. It is the perfect solution for people who want to improve the shape of their abdomen, but do not need a full tummy tuck.<\/p><p>\u00a0<\/p>\t\t\t\t\t\t\t\t<\/div>\n\t\t\t\t<div class=\"elementor-element elementor-element-698a594 elementor-widget elementor-widget-heading\" data-id=\"698a594\" data-element_type=\"widget\" data-e-type=\"widget\" data-widget_type=\"heading.default\">\n\t\t\t\t\t<h2 class=\"elementor-heading-title elementor-size-default\">What are the benefits of Abdominoplasty?<\/h2>\t\t\t\t<\/div>\n\t\t\t\t<div class=\"elementor-element elementor-element-55fa689 elementor-widget elementor-widget-text-editor\" data-id=\"55fa689\" data-element_type=\"widget\" data-e-type=\"widget\" data-widget_type=\"text-editor.default\">\n\t\t\t\t\t\t\t\t\t<p><span style=\"font-weight: 400;\">A mini tummy tuck can help you achieve a more toned and sculpted midsection. By removing excess fat and skin, tightening the abdominal muscles and repositioning the navel, mini tummy tuck can help you achieve a more youthful and toned appearance. It is less invasive than a full abdominoplasty, requiring a shorter recovery period and less downtime. It is also a great option for those who are not ready for a full abdominoplasty, but still want to improve their abdominal contour.<\/span><\/p>\t\t\t\t\t\t\t\t<\/div>\n\t\t\t\t<div class=\"elementor-element elementor-element-df596dc elementor-widget elementor-widget-heading\" data-id=\"df596dc\" data-element_type=\"widget\" data-e-type=\"widget\" data-widget_type=\"heading.default\">\n\t\t\t\t\t<h3 class=\"elementor-heading-title elementor-size-default\">Who is a good candidate for a miniabdominoplasty?<\/h3>\t\t\t\t<\/div>\n\t\t\t\t<div class=\"elementor-element elementor-element-cf63aa8 elementor-widget elementor-widget-text-editor\" data-id=\"cf63aa8\" data-element_type=\"widget\" data-e-type=\"widget\" data-widget_type=\"text-editor.default\">\n\t\t\t\t\t\t\t\t\t<p><span style=\"font-weight: 400;\">A mini-abdominoplasty can help you achieve a more toned and sculpted midsection. If you are in good health, have realistic expectations and are within 30 pounds of your ideal body weight, you may be a good candidate for a mini-abdominoplasty. The best way to determine if you are a good candidate is to schedule a consultation with Dr. Uriel Mu\u00f1oz at Uriel Mu\u00f1oz Plastic Surgery. During your consultation, Dr. Mu\u00f1oz will evaluate your health and discuss your desired results to determine if a mini-abdominoplasty is right for you.<\/span><\/p>\t\t\t\t\t\t\t\t<\/div>\n\t\t\t\t<div class=\"elementor-element elementor-element-255f8a6 elementor-widget elementor-widget-heading\" data-id=\"255f8a6\" data-element_type=\"widget\" data-e-type=\"widget\" data-widget_type=\"heading.default\">\n\t\t\t\t\t<h2 class=\"elementor-heading-title elementor-size-default\">How is the recovery after a Mini Abdominoplasty?<\/h2>\t\t\t\t<\/div>\n\t\t\t\t<div class=\"elementor-element elementor-element-a9bef68 elementor-widget elementor-widget-text-editor\" data-id=\"a9bef68\" data-element_type=\"widget\" data-e-type=\"widget\" data-widget_type=\"text-editor.default\">\n\t\t\t\t\t\t\t\t\t<p><span style=\"font-weight: 400;\">Recovery time for a mini-abdominoplasty is typically shorter than a full abdominoplasty. You may experience some swelling, bruising and discomfort for the first few days. You will be advised to wear a compression garment to reduce swelling and support your abdomen while it heals. It is important to follow all of Dr. Munoz's postoperative instructions to ensure a smooth recovery. Most patients are able to return to light activity within a week and more strenuous activity within 4-6 weeks.<\/span><\/p>\t\t\t\t\t\t\t\t<\/div>\n\t\t\t\t<div class=\"elementor-element elementor-element-64e06fd elementor-widget elementor-widget-heading\" data-id=\"64e06fd\" data-element_type=\"widget\" data-e-type=\"widget\" data-widget_type=\"heading.default\">\n\t\t\t\t\t<h3 class=\"elementor-heading-title elementor-size-default\">Schedule a Consultation with Dr. Mu\u00f1oz<\/h3>\t\t\t\t<\/div>\n\t\t\t\t<div class=\"elementor-element elementor-element-e3f87c5 elementor-widget elementor-widget-text-editor\" data-id=\"e3f87c5\" data-element_type=\"widget\" data-e-type=\"widget\" data-widget_type=\"text-editor.default\">\n\t\t\t\t\t\t\t\t\t<p><span style=\"font-weight: 400;\">If you are considering a mini-abdominoplasty, it is essential to consult with a board-certified plastic surgeon who has experience with this procedure. Dr. Uriel Mu\u00f1oz is a board certified plastic surgeon by the Mexican Board of Plastic and Reconstructive Surgery. He specializes in mini-abdominoplasties and other body contouring procedures. He will evaluate your health and discuss your desired results to determine if a mini-abdominoplasty is the best option for you. For more information about miniabdominoplasties or to schedule a consultation, contact Uriel Munoz Plastic Surgery today.<\/span><\/p>\t\t\t\t\t\t\t\t<\/div>\n\t\t\t\t<div class=\"elementor-element elementor-element-7ca0cdf elementor-widget elementor-widget-heading\" data-id=\"7ca0cdf\" data-element_type=\"widget\" data-e-type=\"widget\" data-widget_type=\"heading.default\">\n\t\t\t\t\t<h4 class=\"elementor-heading-title elementor-size-default\">Ready to get started? <\/h4>\t\t\t\t<\/div>\n\t\t\t\t<div class=\"elementor-element elementor-element-df0b007 elementor-widget elementor-widget-text-editor\" data-id=\"df0b007\" data-element_type=\"widget\" data-e-type=\"widget\" data-widget_type=\"text-editor.default\">\n\t\t\t\t\t\t\t\t\t<p><span style=\"font-weight: 400;\">If you are ready to learn more about mini-abdominoplasties, contact Dr. Uriel Munoz today to schedule a consultation. He will evaluate your health and discuss your desired results to determine if a mini-abdominoplasty is the best option for you. <\/span><\/p>\t\t\t\t\t\t\t\t<\/div>\n\t\t\t\t\t<\/div>\n\t\t<\/div>\n\t\t\t\t\t<\/div>\n\t\t<\/section>\n\t\t\t\t<\/div>","protected":false},"excerpt":{"rendered":"<p>Mini Tummy Tuck Conf\u00ede en el Dr. Uriel Mu\u00f1oz para obtener los mejores resultados \u00bfQu\u00e9 es una Mini Abdominoplastia? Una miniabdominoplastia, tambi\u00e9n conocida como abdominoplastia parcial, es un procedimiento quir\u00fargico dise\u00f1ado para aplanar y remodelar el abdomen. La intervenci\u00f3n elimina el exceso de piel y grasa, tensa los m\u00fasculos abdominales y recoloca el ombligo. Una [&hellip;]<\/p>\n","protected":false},"author":3,"featured_media":1858,"parent":4353,"menu_order":0,"comment_status":"closed","ping_status":"closed","template":"","meta":{"_acf_changed":false,"inline_featured_image":false,"site-sidebar-layout":"no-sidebar","site-content-layout":"page-builder","ast-site-content-layout":"full-width-container","site-content-style":"unboxed","site-sidebar-style":"unboxed","ast-global-header-display":"","ast-banner-title-visibility":"","ast-main-header-display":"","ast-hfb-above-header-display":"","ast-hfb-below-header-display":"","ast-hfb-mobile-header-display":"","site-post-title":"disabled","ast-breadcrumbs-content":"","ast-featured-img":"disabled","footer-sml-layout":"","ast-disable-related-posts":"","theme-transparent-header-meta":"","adv-header-id-meta":"","stick-header-meta":"","header-above-stick-meta":"","header-main-stick-meta":"","header-below-stick-meta":"","astra-migrate-meta-layouts":"set","ast-page-background-enabled":"default","ast-page-background-meta":{"desktop":{"background-color":"","background-image":"","background-repeat":"repeat","background-position":"center center","background-size":"auto","background-attachment":"scroll","background-type":"","background-media":"","overlay-type":"","overlay-color":"","overlay-opacity":"","overlay-gradient":""},"tablet":{"background-color":"","background-image":"","background-repeat":"repeat","background-position":"center center","background-size":"auto","background-attachment":"scroll","background-type":"","background-media":"","overlay-type":"","overlay-color":"","overlay-opacity":"","overlay-gradient":""},"mobile":{"background-color":"","background-image":"","background-repeat":"repeat","background-position":"center center","background-size":"auto","background-attachment":"scroll","background-type":"","background-media":"","overlay-type":"","overlay-color":"","overlay-opacity":"","overlay-gradient":""}},"ast-content-background-meta":{"desktop":{"background-color":"var(--ast-global-color-5)","background-image":"","background-repeat":"repeat","background-position":"center center","background-size":"auto","background-attachment":"scroll","background-type":"","background-media":"","overlay-type":"","overlay-color":"","overlay-opacity":"","overlay-gradient":""},"tablet":{"background-color":"var(--ast-global-color-5)","background-image":"","background-repeat":"repeat","background-position":"center center","background-size":"auto","background-attachment":"scroll","background-type":"","background-media":"","overlay-type":"","overlay-color":"","overlay-opacity":"","overlay-gradient":""},"mobile":{"background-color":"var(--ast-global-color-5)","background-image":"","background-repeat":"repeat","background-position":"center center","background-size":"auto","background-attachment":"scroll","background-type":"","background-media":"","overlay-type":"","overlay-color":"","overlay-opacity":"","overlay-gradient":""}},"footnotes":""},"class_list":["post-1668","page","type-page","status-publish","has-post-thumbnail","hentry"],"acf":[],"_links":{"self":[{"href":"https:\/\/urielplasticsurgery.com\/en\/wp-json\/wp\/v2\/pages\/1668","targetHints":{"allow":["GET"]}}],"collection":[{"href":"https:\/\/urielplasticsurgery.com\/en\/wp-json\/wp\/v2\/pages"}],"about":[{"href":"https:\/\/urielplasticsurgery.com\/en\/wp-json\/wp\/v2\/types\/page"}],"author":[{"embeddable":true,"href":"https:\/\/urielplasticsurgery.com\/en\/wp-json\/wp\/v2\/users\/3"}],"replies":[{"embeddable":true,"href":"https:\/\/urielplasticsurgery.com\/en\/wp-json\/wp\/v2\/comments?post=1668"}],"version-history":[{"count":0,"href":"https:\/\/urielplasticsurgery.com\/en\/wp-json\/wp\/v2\/pages\/1668\/revisions"}],"up":[{"embeddable":true,"href":"https:\/\/urielplasticsurgery.com\/en\/wp-json\/wp\/v2\/pages\/4353"}],"wp:featuredmedia":[{"embeddable":true,"href":"https:\/\/urielplasticsurgery.com\/en\/wp-json\/wp\/v2\/media\/1858"}],"wp:attachment":[{"href":"https:\/\/urielplasticsurgery.com\/en\/wp-json\/wp\/v2\/media?parent=1668"}],"curies":[{"name":"wp","href":"https:\/\/api.w.org\/{rel}","templated":true}]}}