{"id":1663,"date":"2023-02-14T20:43:14","date_gmt":"2023-02-14T20:43:14","guid":{"rendered":"https:\/\/urielplasticsurgery.com\/?page_id=1663"},"modified":"2026-01-23T21:33:32","modified_gmt":"2026-01-23T21:33:32","slug":"liposuction","status":"publish","type":"page","link":"https:\/\/urielplasticsurgery.com\/en\/plastic-surgery-mexico\/body\/liposuction\/","title":{"rendered":"Liposuction"},"content":{"rendered":"<div data-elementor-type=\"wp-page\" data-elementor-id=\"1663\" class=\"elementor elementor-1663\" data-elementor-post-type=\"page\">\n\t\t\t\t\t\t<section class=\"elementor-section elementor-top-section elementor-element elementor-element-c858b75 elementor-section-boxed elementor-section-height-default elementor-section-height-default\" data-id=\"c858b75\" data-element_type=\"section\" data-e-type=\"section\" data-settings=\"{&quot;background_background&quot;:&quot;classic&quot;}\">\n\t\t\t\t\t\t<div class=\"elementor-container elementor-column-gap-default\">\n\t\t\t\t\t<div class=\"elementor-column elementor-col-100 elementor-top-column elementor-element elementor-element-20c74b6\" data-id=\"20c74b6\" data-element_type=\"column\" data-e-type=\"column\">\n\t\t\t<div class=\"elementor-widget-wrap elementor-element-populated\">\n\t\t\t\t\t\t<div class=\"elementor-element elementor-element-77acd33 elementor-widget elementor-widget-heading\" data-id=\"77acd33\" data-element_type=\"widget\" data-e-type=\"widget\" data-widget_type=\"heading.default\">\n\t\t\t\t\t<h1 class=\"elementor-heading-title elementor-size-default\">\u00bfBuscando Liposucci\u00f3n en Puerto Vallarta o Nayarit? <\/h1>\t\t\t\t<\/div>\n\t\t\t\t<div class=\"elementor-element elementor-element-4af9a63 elementor-widget elementor-widget-text-editor\" data-id=\"4af9a63\" data-element_type=\"widget\" data-e-type=\"widget\" data-widget_type=\"text-editor.default\">\n\t\t\t\t\t\t\t\t\t<p><strong>Rely on Dr. Uriel Mu\u00f1oz for the best results.<\/strong><\/p>\t\t\t\t\t\t\t\t<\/div>\n\t\t\t\t\t<\/div>\n\t\t<\/div>\n\t\t\t\t\t<\/div>\n\t\t<\/section>\n\t\t\t\t<section class=\"elementor-section elementor-top-section elementor-element elementor-element-847abd4 elementor-section-boxed elementor-section-height-default elementor-section-height-default\" data-id=\"847abd4\" data-element_type=\"section\" data-e-type=\"section\">\n\t\t\t\t\t\t<div class=\"elementor-container elementor-column-gap-default\">\n\t\t\t\t\t<div class=\"elementor-column elementor-col-100 elementor-top-column elementor-element elementor-element-72a4033\" data-id=\"72a4033\" data-element_type=\"column\" data-e-type=\"column\">\n\t\t\t<div class=\"elementor-widget-wrap elementor-element-populated\">\n\t\t\t\t\t\t<div class=\"elementor-element elementor-element-115087c elementor-widget elementor-widget-heading\" data-id=\"115087c\" data-element_type=\"widget\" data-e-type=\"widget\" data-widget_type=\"heading.default\">\n\t\t\t\t\t<h2 class=\"elementor-heading-title elementor-size-default\">\u00bfQu\u00e9 es la liposucci\u00f3n?<\/h2>\t\t\t\t<\/div>\n\t\t\t\t<div class=\"elementor-element elementor-element-09a712d elementor-widget elementor-widget-text-editor\" data-id=\"09a712d\" data-element_type=\"widget\" data-e-type=\"widget\" data-widget_type=\"text-editor.default\">\n\t\t\t\t\t\t\t\t\t<p><span style=\"font-weight: 400;\">La liposucci\u00f3n es una cirug\u00eda est\u00e9tica que se utiliza para eliminar el exceso de grasa localizada en el cuerpo. El cirujano utiliza un peque\u00f1o tubo para extraer la grasa de diferentes \u00e1reas del cuerpo, incluidas las mejillas, el cuello, los brazos, el abdomen, las caderas, las rodillas y los muslos.\u00a0<\/span><\/p>\t\t\t\t\t\t\t\t<\/div>\n\t\t\t\t<div class=\"elementor-element elementor-element-48a6c6a elementor-widget elementor-widget-heading\" data-id=\"48a6c6a\" data-element_type=\"widget\" data-e-type=\"widget\" data-widget_type=\"heading.default\">\n\t\t\t\t\t<h2 class=\"elementor-heading-title elementor-size-default\">\u00bfC\u00f3mo funciona la liposucci\u00f3n?<\/h2>\t\t\t\t<\/div>\n\t\t\t\t<div class=\"elementor-element elementor-element-8a0d6d9 elementor-widget elementor-widget-text-editor\" data-id=\"8a0d6d9\" data-element_type=\"widget\" data-e-type=\"widget\" data-widget_type=\"text-editor.default\">\n\t\t\t\t\t\t\t\t\t<p><span style=\"font-weight: 400;\">Durante la liposucci\u00f3n, el cirujano inyectar\u00e1 una soluci\u00f3n especial para disolver la grasa y suavizar los tejidos. Luego, utiliza una peque\u00f1a c\u00e1nula para extraer la grasa disuelta. La liposucci\u00f3n es una cirug\u00eda menor y se realiza bajo anestesia local o general, dependiendo del \u00e1rea tratada.\u00a0<\/span><\/p>\t\t\t\t\t\t\t\t<\/div>\n\t\t\t\t<div class=\"elementor-element elementor-element-59a3f13 elementor-widget elementor-widget-heading\" data-id=\"59a3f13\" data-element_type=\"widget\" data-e-type=\"widget\" data-widget_type=\"heading.default\">\n\t\t\t\t\t<h3 class=\"elementor-heading-title elementor-size-default\">Beneficios de la liposucci\u00f3n en Puerto Vallarta y Nayarit<\/h3>\t\t\t\t<\/div>\n\t\t\t\t<div class=\"elementor-element elementor-element-50a2310 elementor-widget elementor-widget-text-editor\" data-id=\"50a2310\" data-element_type=\"widget\" data-e-type=\"widget\" data-widget_type=\"text-editor.default\">\n\t\t\t\t\t\t\t\t\t<p><span style=\"font-weight: 400;\">La liposucci\u00f3n es una excelente opci\u00f3n para mejorar la apariencia de ciertas \u00e1reas del cuerpo. Al eliminar la grasa localizada, tambi\u00e9n se puede mejorar la forma corporal. La liposucci\u00f3n tambi\u00e9n puede ayudar a reducir los pliegues cut\u00e1neos inest\u00e9ticos y mejorar la tonicidad de la piel.\u00a0<\/span><\/p>\t\t\t\t\t\t\t\t<\/div>\n\t\t\t\t<div class=\"elementor-element elementor-element-5b0254a elementor-widget elementor-widget-heading\" data-id=\"5b0254a\" data-element_type=\"widget\" data-e-type=\"widget\" data-widget_type=\"heading.default\">\n\t\t\t\t\t<h2 class=\"elementor-heading-title elementor-size-default\">\u00bfPor qu\u00e9 elegir al Dr. Uriel Mu\u00f1oz para la liposucci\u00f3n en Puerto Vallarta y Nayarit?<\/h2>\t\t\t\t<\/div>\n\t\t\t\t<div class=\"elementor-element elementor-element-ddb5a7a elementor-widget elementor-widget-text-editor\" data-id=\"ddb5a7a\" data-element_type=\"widget\" data-e-type=\"widget\" data-widget_type=\"text-editor.default\">\n\t\t\t\t\t\t\t\t\t<p><span style=\"font-weight: 400;\">El Dr. Uriel Mu\u00f1oz es un cirujano pl\u00e1stico certificado por el Consejo Mexicano de Cirug\u00eda Pl\u00e1stica y Reconstructiva. Utiliza t\u00e9cnicas modernas y de vanguardia para obtener los mejores resultados. Se enorgullece de ofrecer resultados naturales y hermosos que realzan su belleza natural.\u00a0<\/span><\/p>\t\t\t\t\t\t\t\t<\/div>\n\t\t\t\t<div class=\"elementor-element elementor-element-b9078a7 elementor-widget elementor-widget-heading\" data-id=\"b9078a7\" data-element_type=\"widget\" data-e-type=\"widget\" data-widget_type=\"heading.default\">\n\t\t\t\t\t<h3 class=\"elementor-heading-title elementor-size-default\">\u00bfC\u00f3mo comenzar con la liposucci\u00f3n?<\/h3>\t\t\t\t<\/div>\n\t\t\t\t<div class=\"elementor-element elementor-element-7861ba3 elementor-widget elementor-widget-text-editor\" data-id=\"7861ba3\" data-element_type=\"widget\" data-e-type=\"widget\" data-widget_type=\"text-editor.default\">\n\t\t\t\t\t\t\t\t\t<p><span style=\"font-weight: 400;\">Si desea comenzar con la liposucci\u00f3n en Puerto Vallarta o Nayarit, comun\u00edquese con el Dr. Uriel Mu\u00f1oz para obtener una consulta. \u00c9l le guiar\u00e1 a trav\u00e9s del proceso para determinar si la liposucci\u00f3n es la mejor opci\u00f3n para usted.\u00a0<\/span><\/p>\t\t\t\t\t\t\t\t<\/div>\n\t\t\t\t\t<\/div>\n\t\t<\/div>\n\t\t\t\t\t<\/div>\n\t\t<\/section>\n\t\t\t\t<\/div>","protected":false},"excerpt":{"rendered":"<p>\u00bfBuscando Liposucci\u00f3n en Puerto Vallarta o Nayarit? Conf\u00ede en el Dr. Uriel Mu\u00f1oz para obtener los mejores resultados \u00bfQu\u00e9 es la liposucci\u00f3n? La liposucci\u00f3n es una cirug\u00eda est\u00e9tica que se utiliza para eliminar el exceso de grasa localizada en el cuerpo. El cirujano utiliza un peque\u00f1o tubo para extraer la grasa de diferentes \u00e1reas del [&hellip;]<\/p>\n","protected":false},"author":3,"featured_media":1875,"parent":4353,"menu_order":0,"comment_status":"closed","ping_status":"closed","template":"","meta":{"_acf_changed":false,"inline_featured_image":false,"site-sidebar-layout":"no-sidebar","site-content-layout":"page-builder","ast-site-content-layout":"full-width-container","site-content-style":"unboxed","site-sidebar-style":"unboxed","ast-global-header-display":"","ast-banner-title-visibility":"","ast-main-header-display":"","ast-hfb-above-header-display":"","ast-hfb-below-header-display":"","ast-hfb-mobile-header-display":"","site-post-title":"disabled","ast-breadcrumbs-content":"","ast-featured-img":"disabled","footer-sml-layout":"","ast-disable-related-posts":"","theme-transparent-header-meta":"","adv-header-id-meta":"","stick-header-meta":"","header-above-stick-meta":"","header-main-stick-meta":"","header-below-stick-meta":"","astra-migrate-meta-layouts":"set","ast-page-background-enabled":"default","ast-page-background-meta":{"desktop":{"background-color":"","background-image":"","background-repeat":"repeat","background-position":"center center","background-size":"auto","background-attachment":"scroll","background-type":"","background-media":"","overlay-type":"","overlay-color":"","overlay-opacity":"","overlay-gradient":""},"tablet":{"background-color":"","background-image":"","background-repeat":"repeat","background-position":"center center","background-size":"auto","background-attachment":"scroll","background-type":"","background-media":"","overlay-type":"","overlay-color":"","overlay-opacity":"","overlay-gradient":""},"mobile":{"background-color":"","background-image":"","background-repeat":"repeat","background-position":"center center","background-size":"auto","background-attachment":"scroll","background-type":"","background-media":"","overlay-type":"","overlay-color":"","overlay-opacity":"","overlay-gradient":""}},"ast-content-background-meta":{"desktop":{"background-color":"var(--ast-global-color-5)","background-image":"","background-repeat":"repeat","background-position":"center center","background-size":"auto","background-attachment":"scroll","background-type":"","background-media":"","overlay-type":"","overlay-color":"","overlay-opacity":"","overlay-gradient":""},"tablet":{"background-color":"var(--ast-global-color-5)","background-image":"","background-repeat":"repeat","background-position":"center center","background-size":"auto","background-attachment":"scroll","background-type":"","background-media":"","overlay-type":"","overlay-color":"","overlay-opacity":"","overlay-gradient":""},"mobile":{"background-color":"var(--ast-global-color-5)","background-image":"","background-repeat":"repeat","background-position":"center center","background-size":"auto","background-attachment":"scroll","background-type":"","background-media":"","overlay-type":"","overlay-color":"","overlay-opacity":"","overlay-gradient":""}},"footnotes":""},"class_list":["post-1663","page","type-page","status-publish","has-post-thumbnail","hentry"],"acf":[],"_links":{"self":[{"href":"https:\/\/urielplasticsurgery.com\/en\/wp-json\/wp\/v2\/pages\/1663","targetHints":{"allow":["GET"]}}],"collection":[{"href":"https:\/\/urielplasticsurgery.com\/en\/wp-json\/wp\/v2\/pages"}],"about":[{"href":"https:\/\/urielplasticsurgery.com\/en\/wp-json\/wp\/v2\/types\/page"}],"author":[{"embeddable":true,"href":"https:\/\/urielplasticsurgery.com\/en\/wp-json\/wp\/v2\/users\/3"}],"replies":[{"embeddable":true,"href":"https:\/\/urielplasticsurgery.com\/en\/wp-json\/wp\/v2\/comments?post=1663"}],"version-history":[{"count":0,"href":"https:\/\/urielplasticsurgery.com\/en\/wp-json\/wp\/v2\/pages\/1663\/revisions"}],"up":[{"embeddable":true,"href":"https:\/\/urielplasticsurgery.com\/en\/wp-json\/wp\/v2\/pages\/4353"}],"wp:featuredmedia":[{"embeddable":true,"href":"https:\/\/urielplasticsurgery.com\/en\/wp-json\/wp\/v2\/media\/1875"}],"wp:attachment":[{"href":"https:\/\/urielplasticsurgery.com\/en\/wp-json\/wp\/v2\/media?parent=1663"}],"curies":[{"name":"wp","href":"https:\/\/api.w.org\/{rel}","templated":true}]}}