{"id":1647,"date":"2023-02-14T20:14:31","date_gmt":"2023-02-14T20:14:31","guid":{"rendered":"https:\/\/urielplasticsurgery.com\/?page_id=1647"},"modified":"2026-01-24T21:28:31","modified_gmt":"2026-01-24T21:28:31","slug":"labiaplasty","status":"publish","type":"page","link":"https:\/\/urielplasticsurgery.com\/en\/plastic-surgery-mexico\/body\/labiaplasty\/","title":{"rendered":"Labiaplasty in Puerto Vallarta and Nayarit"},"content":{"rendered":"<div data-elementor-type=\"wp-page\" data-elementor-id=\"1647\" class=\"elementor elementor-1647\" data-elementor-post-type=\"page\">\n\t\t\t\t\t\t<section class=\"elementor-section elementor-top-section elementor-element elementor-element-608a92b elementor-section-boxed elementor-section-height-default elementor-section-height-default\" data-id=\"608a92b\" data-element_type=\"section\" data-e-type=\"section\" data-settings=\"{&quot;background_background&quot;:&quot;classic&quot;}\">\n\t\t\t\t\t\t\t<div class=\"elementor-background-overlay\"><\/div>\n\t\t\t\t\t\t\t<div class=\"elementor-container elementor-column-gap-default\">\n\t\t\t\t\t<div class=\"elementor-column elementor-col-100 elementor-top-column elementor-element elementor-element-5764af3\" data-id=\"5764af3\" data-element_type=\"column\" data-e-type=\"column\">\n\t\t\t<div class=\"elementor-widget-wrap elementor-element-populated\">\n\t\t\t\t\t\t<div class=\"elementor-element elementor-element-3ab4a61 elementor-widget elementor-widget-heading\" data-id=\"3ab4a61\" data-element_type=\"widget\" data-e-type=\"widget\" data-widget_type=\"heading.default\">\n\t\t\t\t\t<h1 class=\"elementor-heading-title elementor-size-default\">Labiaplasty in Puerto Vallarta and Nayarit<\/h1>\t\t\t\t<\/div>\n\t\t\t\t<div class=\"elementor-element elementor-element-24ac9a9 elementor-widget elementor-widget-text-editor\" data-id=\"24ac9a9\" data-element_type=\"widget\" data-e-type=\"widget\" data-widget_type=\"text-editor.default\">\n\t\t\t\t\t\t\t\t\t<div><div><p>Esta cirug\u00eda est\u00e9tica es una excelente manera de mejorar tu apariencia y autoestima<\/p><\/div><\/div>\t\t\t\t\t\t\t\t<\/div>\n\t\t\t\t\t<\/div>\n\t\t<\/div>\n\t\t\t\t\t<\/div>\n\t\t<\/section>\n\t\t\t\t<section class=\"elementor-section elementor-top-section elementor-element elementor-element-876b8fd elementor-section-boxed elementor-section-height-default elementor-section-height-default\" data-id=\"876b8fd\" data-element_type=\"section\" data-e-type=\"section\">\n\t\t\t\t\t\t<div class=\"elementor-container elementor-column-gap-default\">\n\t\t\t\t\t<div class=\"elementor-column elementor-col-100 elementor-top-column elementor-element elementor-element-2381dbd\" data-id=\"2381dbd\" data-element_type=\"column\" data-e-type=\"column\">\n\t\t\t<div class=\"elementor-widget-wrap elementor-element-populated\">\n\t\t\t\t\t\t<div class=\"elementor-element elementor-element-1a51f17 elementor-widget elementor-widget-heading\" data-id=\"1a51f17\" data-element_type=\"widget\" data-e-type=\"widget\" data-widget_type=\"heading.default\">\n\t\t\t\t\t<h2 class=\"elementor-heading-title elementor-size-default\">\u00bfQu\u00e9 es Labioplastia?\n<\/h2>\t\t\t\t<\/div>\n\t\t\t\t<div class=\"elementor-element elementor-element-52ce38d elementor-widget elementor-widget-text-editor\" data-id=\"52ce38d\" data-element_type=\"widget\" data-e-type=\"widget\" data-widget_type=\"text-editor.default\">\n\t\t\t\t\t\t\t\t\t<p><span style=\"font-weight: 400;\">La labioplastia es una cirug\u00eda pl\u00e1stica que reduce el tama\u00f1o de los labios menores de la vagina. Esta cirug\u00eda se realiza para mejorar la apariencia est\u00e9tica de la zona genital femenina, as\u00ed como para reducir el dolor y la incomodidad durante las relaciones sexuales.<\/span><\/p>\t\t\t\t\t\t\t\t<\/div>\n\t\t\t\t<div class=\"elementor-element elementor-element-f539ef7 elementor-widget elementor-widget-heading\" data-id=\"f539ef7\" data-element_type=\"widget\" data-e-type=\"widget\" data-widget_type=\"heading.default\">\n\t\t\t\t\t<h3 class=\"elementor-heading-title elementor-size-default\">Beneficios de la Labioplastia<\/h3>\t\t\t\t<\/div>\n\t\t\t\t<div class=\"elementor-element elementor-element-11e3af6 elementor-widget elementor-widget-text-editor\" data-id=\"11e3af6\" data-element_type=\"widget\" data-e-type=\"widget\" data-widget_type=\"text-editor.default\">\n\t\t\t\t\t\t\t\t\t<p><span style=\"font-weight: 400;\">Los beneficios principales de la labioplastia son la mejora de la apariencia est\u00e9tica de los labios menores, la reducci\u00f3n de la incomodidad durante las relaciones sexuales y el aumento de la confianza en la intimidad.<\/span><\/p>\t\t\t\t\t\t\t\t<\/div>\n\t\t\t\t<div class=\"elementor-element elementor-element-2be1f19 elementor-widget elementor-widget-heading\" data-id=\"2be1f19\" data-element_type=\"widget\" data-e-type=\"widget\" data-widget_type=\"heading.default\">\n\t\t\t\t\t<h2 class=\"elementor-heading-title elementor-size-default\">\u00bfC\u00f3mo se realiza la Labioplastia?<\/h2>\t\t\t\t<\/div>\n\t\t\t\t<div class=\"elementor-element elementor-element-9c3f2b4 elementor-widget elementor-widget-text-editor\" data-id=\"9c3f2b4\" data-element_type=\"widget\" data-e-type=\"widget\" data-widget_type=\"text-editor.default\">\n\t\t\t\t\t\t\t\t\t<p><span style=\"font-weight: 400;\">La labioplastia se realiza bajo anestesia local para reducir el dolor y la incomodidad. El cirujano realiza una incisi\u00f3n en los labios menores, luego elimina el exceso de tejido y cierra los bordes de la incisi\u00f3n con suturas. El procedimiento puede durar de 20 a 30 minutos, dependiendo de la cantidad de tejido a eliminar.<\/span><\/p>\t\t\t\t\t\t\t\t<\/div>\n\t\t\t\t<div class=\"elementor-element elementor-element-6cbd49b elementor-widget elementor-widget-heading\" data-id=\"6cbd49b\" data-element_type=\"widget\" data-e-type=\"widget\" data-widget_type=\"heading.default\">\n\t\t\t\t\t<h3 class=\"elementor-heading-title elementor-size-default\">Recuperaci\u00f3n de la Labioplastia<\/h3>\t\t\t\t<\/div>\n\t\t\t\t<div class=\"elementor-element elementor-element-24f53ba elementor-widget elementor-widget-text-editor\" data-id=\"24f53ba\" data-element_type=\"widget\" data-e-type=\"widget\" data-widget_type=\"text-editor.default\">\n\t\t\t\t\t\t\t\t\t<p><span style=\"font-weight: 400;\">Es normal sentir dolor e hinchaz\u00f3n en la zona genital despu\u00e9s de la cirug\u00eda. El dolor generalmente desaparece en un par de d\u00edas y la hinchaz\u00f3n en una semana. Es importante seguir las recomendaciones de su cirujano para una recuperaci\u00f3n r\u00e1pida y sin complicaciones.<\/span><\/p>\t\t\t\t\t\t\t\t<\/div>\n\t\t\t\t<div class=\"elementor-element elementor-element-5ed3942 elementor-widget elementor-widget-heading\" data-id=\"5ed3942\" data-element_type=\"widget\" data-e-type=\"widget\" data-widget_type=\"heading.default\">\n\t\t\t\t\t<h2 class=\"elementor-heading-title elementor-size-default\">\u00bfEs segura la Labioplastia?<\/h2>\t\t\t\t<\/div>\n\t\t\t\t<div class=\"elementor-element elementor-element-d7d7235 elementor-widget elementor-widget-text-editor\" data-id=\"d7d7235\" data-element_type=\"widget\" data-e-type=\"widget\" data-widget_type=\"text-editor.default\">\n\t\t\t\t\t\t\t\t\t<p>Los riesgos de una labioplastia pueden ser los seromas, o acumulaci\u00f3n de l\u00edquidos bajo la piel. En algunos casos hay que drenarlos con una jeringuilla. En circunstancias muy poco frecuentes, pueden producirse reacciones adversas a la anestesia, como hematomas o infecciones. Alteraciones temporales de la sensibilidad<\/p><p><span style=\"font-weight: 400;\">La labioplastia es un procedimiento seguro y eficaz cuando se realiza con un cirujano pl\u00e1stico certificado. El Dr. Uriel Mu\u00f1oz es un cirujano pl\u00e1stico certificado por el Consejo Mexicano de Cirug\u00eda Pl\u00e1stica y Reconstructiva que se especializa en labioplastias con los mejores resultados.<\/span><\/p>\t\t\t\t\t\t\t\t<\/div>\n\t\t\t\t<div class=\"elementor-element elementor-element-e545d7e elementor-widget elementor-widget-heading\" data-id=\"e545d7e\" data-element_type=\"widget\" data-e-type=\"widget\" data-widget_type=\"heading.default\">\n\t\t\t\t\t<h2 class=\"elementor-heading-title elementor-size-default\">Labiaplasty in Puerto Vallarta and Nayarit\n<\/h2>\t\t\t\t<\/div>\n\t\t\t\t<div class=\"elementor-element elementor-element-6f02add elementor-widget elementor-widget-text-editor\" data-id=\"6f02add\" data-element_type=\"widget\" data-e-type=\"widget\" data-widget_type=\"text-editor.default\">\n\t\t\t\t\t\t\t\t\t<p><span style=\"font-weight: 400;\">El Dr. Uriel Mu\u00f1oz ha realizado centenares de labioplastias con excelentes resultados. Si est\u00e1 interesado en realizar una labioplastia, cont\u00e1ctenos hoy para programar una consulta con el Dr. Mu\u00f1oz y obtener los mejores resultados.<\/span><\/p>\t\t\t\t\t\t\t\t<\/div>\n\t\t\t\t\t<\/div>\n\t\t<\/div>\n\t\t\t\t\t<\/div>\n\t\t<\/section>\n\t\t\t\t<\/div>","protected":false},"excerpt":{"rendered":"<p>Labioplastia en Puerto Vallarta y Nayarit Esta cirug\u00eda est\u00e9tica es una excelente manera de mejorar tu apariencia y autoestima \u00bfQu\u00e9 es Labioplastia? La labioplastia es una cirug\u00eda pl\u00e1stica que reduce el tama\u00f1o de los labios menores de la vagina. Esta cirug\u00eda se realiza para mejorar la apariencia est\u00e9tica de la zona genital femenina, as\u00ed como [&hellip;]<\/p>\n","protected":false},"author":3,"featured_media":1887,"parent":4353,"menu_order":0,"comment_status":"closed","ping_status":"closed","template":"","meta":{"_acf_changed":false,"inline_featured_image":false,"site-sidebar-layout":"no-sidebar","site-content-layout":"page-builder","ast-site-content-layout":"full-width-container","site-content-style":"unboxed","site-sidebar-style":"unboxed","ast-global-header-display":"","ast-banner-title-visibility":"","ast-main-header-display":"","ast-hfb-above-header-display":"","ast-hfb-below-header-display":"","ast-hfb-mobile-header-display":"","site-post-title":"disabled","ast-breadcrumbs-content":"","ast-featured-img":"disabled","footer-sml-layout":"","ast-disable-related-posts":"","theme-transparent-header-meta":"","adv-header-id-meta":"","stick-header-meta":"","header-above-stick-meta":"","header-main-stick-meta":"","header-below-stick-meta":"","astra-migrate-meta-layouts":"set","ast-page-background-enabled":"default","ast-page-background-meta":{"desktop":{"background-color":"","background-image":"","background-repeat":"repeat","background-position":"center center","background-size":"auto","background-attachment":"scroll","background-type":"","background-media":"","overlay-type":"","overlay-color":"","overlay-opacity":"","overlay-gradient":""},"tablet":{"background-color":"","background-image":"","background-repeat":"repeat","background-position":"center center","background-size":"auto","background-attachment":"scroll","background-type":"","background-media":"","overlay-type":"","overlay-color":"","overlay-opacity":"","overlay-gradient":""},"mobile":{"background-color":"","background-image":"","background-repeat":"repeat","background-position":"center center","background-size":"auto","background-attachment":"scroll","background-type":"","background-media":"","overlay-type":"","overlay-color":"","overlay-opacity":"","overlay-gradient":""}},"ast-content-background-meta":{"desktop":{"background-color":"var(--ast-global-color-5)","background-image":"","background-repeat":"repeat","background-position":"center center","background-size":"auto","background-attachment":"scroll","background-type":"","background-media":"","overlay-type":"","overlay-color":"","overlay-opacity":"","overlay-gradient":""},"tablet":{"background-color":"var(--ast-global-color-5)","background-image":"","background-repeat":"repeat","background-position":"center center","background-size":"auto","background-attachment":"scroll","background-type":"","background-media":"","overlay-type":"","overlay-color":"","overlay-opacity":"","overlay-gradient":""},"mobile":{"background-color":"var(--ast-global-color-5)","background-image":"","background-repeat":"repeat","background-position":"center center","background-size":"auto","background-attachment":"scroll","background-type":"","background-media":"","overlay-type":"","overlay-color":"","overlay-opacity":"","overlay-gradient":""}},"footnotes":""},"class_list":["post-1647","page","type-page","status-publish","has-post-thumbnail","hentry"],"acf":[],"_links":{"self":[{"href":"https:\/\/urielplasticsurgery.com\/en\/wp-json\/wp\/v2\/pages\/1647","targetHints":{"allow":["GET"]}}],"collection":[{"href":"https:\/\/urielplasticsurgery.com\/en\/wp-json\/wp\/v2\/pages"}],"about":[{"href":"https:\/\/urielplasticsurgery.com\/en\/wp-json\/wp\/v2\/types\/page"}],"author":[{"embeddable":true,"href":"https:\/\/urielplasticsurgery.com\/en\/wp-json\/wp\/v2\/users\/3"}],"replies":[{"embeddable":true,"href":"https:\/\/urielplasticsurgery.com\/en\/wp-json\/wp\/v2\/comments?post=1647"}],"version-history":[{"count":0,"href":"https:\/\/urielplasticsurgery.com\/en\/wp-json\/wp\/v2\/pages\/1647\/revisions"}],"up":[{"embeddable":true,"href":"https:\/\/urielplasticsurgery.com\/en\/wp-json\/wp\/v2\/pages\/4353"}],"wp:featuredmedia":[{"embeddable":true,"href":"https:\/\/urielplasticsurgery.com\/en\/wp-json\/wp\/v2\/media\/1887"}],"wp:attachment":[{"href":"https:\/\/urielplasticsurgery.com\/en\/wp-json\/wp\/v2\/media?parent=1647"}],"curies":[{"name":"wp","href":"https:\/\/api.w.org\/{rel}","templated":true}]}}