{"id":1629,"date":"2023-02-14T19:59:17","date_gmt":"2023-02-14T19:59:17","guid":{"rendered":"https:\/\/urielplasticsurgery.com\/?page_id=1629"},"modified":"2026-01-24T03:22:59","modified_gmt":"2026-01-24T03:22:59","slug":"buttock-augmentation","status":"publish","type":"page","link":"https:\/\/urielplasticsurgery.com\/en\/plastic-surgery-mexico\/body\/buttock-augmentation\/","title":{"rendered":"Buttock augmentation with silicone implants"},"content":{"rendered":"<div data-elementor-type=\"wp-page\" data-elementor-id=\"1629\" class=\"elementor elementor-1629\" data-elementor-post-type=\"page\">\n\t\t\t\t\t\t<section class=\"elementor-section elementor-top-section elementor-element elementor-element-fc5b50d elementor-section-boxed elementor-section-height-default elementor-section-height-default\" data-id=\"fc5b50d\" data-element_type=\"section\" data-e-type=\"section\" data-settings=\"{&quot;background_background&quot;:&quot;classic&quot;}\">\n\t\t\t\t\t\t<div class=\"elementor-container elementor-column-gap-default\">\n\t\t\t\t\t<div class=\"elementor-column elementor-col-100 elementor-top-column elementor-element elementor-element-ec9eef3\" data-id=\"ec9eef3\" data-element_type=\"column\" data-e-type=\"column\">\n\t\t\t<div class=\"elementor-widget-wrap elementor-element-populated\">\n\t\t\t\t\t\t<div class=\"elementor-element elementor-element-7881a0d elementor-widget elementor-widget-heading\" data-id=\"7881a0d\" data-element_type=\"widget\" data-e-type=\"widget\" data-widget_type=\"heading.default\">\n\t\t\t\t\t<h1 class=\"elementor-heading-title elementor-size-default\">Buttock augmentation with silicone implants\n<\/h1>\t\t\t\t<\/div>\n\t\t\t\t<div class=\"elementor-element elementor-element-bfeaaa5 elementor-widget elementor-widget-text-editor\" data-id=\"bfeaaa5\" data-element_type=\"widget\" data-e-type=\"widget\" data-widget_type=\"text-editor.default\">\n\t\t\t\t\t\t\t\t\t<p><strong>Un resultado natural y hermoso con el Dr. Uriel Mu\u00f1oz<\/strong><\/p>\t\t\t\t\t\t\t\t<\/div>\n\t\t\t\t\t<\/div>\n\t\t<\/div>\n\t\t\t\t\t<\/div>\n\t\t<\/section>\n\t\t\t\t<section class=\"elementor-section elementor-top-section elementor-element elementor-element-73db9bc elementor-section-boxed elementor-section-height-default elementor-section-height-default\" data-id=\"73db9bc\" data-element_type=\"section\" data-e-type=\"section\">\n\t\t\t\t\t\t<div class=\"elementor-container elementor-column-gap-default\">\n\t\t\t\t\t<div class=\"elementor-column elementor-col-100 elementor-top-column elementor-element elementor-element-d9650d0\" data-id=\"d9650d0\" data-element_type=\"column\" data-e-type=\"column\">\n\t\t\t<div class=\"elementor-widget-wrap elementor-element-populated\">\n\t\t\t\t\t\t<div class=\"elementor-element elementor-element-81754a5 elementor-widget elementor-widget-heading\" data-id=\"81754a5\" data-element_type=\"widget\" data-e-type=\"widget\" data-widget_type=\"heading.default\">\n\t\t\t\t\t<h2 class=\"elementor-heading-title elementor-size-default\">\u00bfQu\u00e9 es el aumento de gl\u00fateos con implantes de silicona?<\/h2>\t\t\t\t<\/div>\n\t\t\t\t<div class=\"elementor-element elementor-element-98d32d8 elementor-widget elementor-widget-text-editor\" data-id=\"98d32d8\" data-element_type=\"widget\" data-e-type=\"widget\" data-widget_type=\"text-editor.default\">\n\t\t\t\t\t\t\t\t\t<p><span style=\"font-weight: 400;\">El aumento de gl\u00fateos con implantes de silicona es un procedimiento quir\u00fargico realizado para cambiar el tama\u00f1o, forma y contorno de los gl\u00fateos. El Dr. Uriel Mu\u00f1oz utiliza la \u00faltima tecnolog\u00eda para lograr los mejores resultados con implantes de silicona seguros y de calidad. Estos implantes son dise\u00f1ados para ofrecer resultados naturales y hermosos que mejoran tu belleza natural.<\/span><\/p>\t\t\t\t\t\t\t\t<\/div>\n\t\t\t\t<div class=\"elementor-element elementor-element-b57cc95 elementor-widget elementor-widget-heading\" data-id=\"b57cc95\" data-element_type=\"widget\" data-e-type=\"widget\" data-widget_type=\"heading.default\">\n\t\t\t\t\t<h2 class=\"elementor-heading-title elementor-size-default\">Beneficios del aumento de gl\u00fateos con implantes de silicona<\/h2>\t\t\t\t<\/div>\n\t\t\t\t<div class=\"elementor-element elementor-element-b81bc72 elementor-widget elementor-widget-text-editor\" data-id=\"b81bc72\" data-element_type=\"widget\" data-e-type=\"widget\" data-widget_type=\"text-editor.default\">\n\t\t\t\t\t\t\t\t\t<p><span style=\"font-weight: 400;\">Uno de los beneficios principales del aumento de gl\u00fateos con implantes de silicona es que permite alcanzar un volumen m\u00e1s grande en los gl\u00fateos, as\u00ed como mejorar el contorno y la forma. Esto puede ayudar a mejorar la proporci\u00f3n y simetr\u00eda de tu cuerpo. El Dr. Uriel Mu\u00f1oz se enorgullece de producir resultados naturales y hermosos que mejoran tu belleza.<\/span><\/p>\t\t\t\t\t\t\t\t<\/div>\n\t\t\t\t<div class=\"elementor-element elementor-element-5a275ca elementor-widget elementor-widget-heading\" data-id=\"5a275ca\" data-element_type=\"widget\" data-e-type=\"widget\" data-widget_type=\"heading.default\">\n\t\t\t\t\t<h2 class=\"elementor-heading-title elementor-size-default\">Recuperaci\u00f3n del aumento de gl\u00fateos con implantes de silicona<\/h2>\t\t\t\t<\/div>\n\t\t\t\t<div class=\"elementor-element elementor-element-68c5c31 elementor-widget elementor-widget-text-editor\" data-id=\"68c5c31\" data-element_type=\"widget\" data-e-type=\"widget\" data-widget_type=\"text-editor.default\">\n\t\t\t\t\t\t\t\t\t<p><span style=\"font-weight: 400;\">Todos los procedimientos quir\u00fargicos tienen un cierto grado de riesgo, pero el aumento de gl\u00fateos con implantes de silicona es una cirug\u00eda relativamente segura. Sin embargo, es importante seguir las instrucciones del Dr. Uriel Mu\u00f1oz para minimizar los riesgos y acelerar la recuperaci\u00f3n.\u00a0<\/span><\/p><p><span style=\"font-style: inherit; background-color: var(--ast-global-color-4);\">Despu\u00e9s del procedimiento, puedes esperar alguna incomodidad durante los primeros d\u00edas, pero la mayor\u00eda de los pacientes pueden regresar a sus actividades normales despu\u00e9s de algunas semanas.<\/span><\/p>\t\t\t\t\t\t\t\t<\/div>\n\t\t\t\t<div class=\"elementor-element elementor-element-873d376 elementor-widget elementor-widget-heading\" data-id=\"873d376\" data-element_type=\"widget\" data-e-type=\"widget\" data-widget_type=\"heading.default\">\n\t\t\t\t\t<h2 class=\"elementor-heading-title elementor-size-default\">Resultados del aumento de gl\u00fateos con implantes de silicona<\/h2>\t\t\t\t<\/div>\n\t\t\t\t<div class=\"elementor-element elementor-element-217bd59 elementor-widget elementor-widget-text-editor\" data-id=\"217bd59\" data-element_type=\"widget\" data-e-type=\"widget\" data-widget_type=\"text-editor.default\">\n\t\t\t\t\t\t\t\t\t<p><span style=\"font-weight: 400;\">Los resultados del aumento de gl\u00fateos con implantes de silicona son inmediatos pero tambi\u00e9n se pueden ver mejoras graduales durante los primeros meses. El Dr. Uriel Mu\u00f1oz es un cirujano pl\u00e1stico certificado por el Consejo Mexicano de Cirug\u00eda Pl\u00e1stica y Reconstructiva, por lo que puedes estar seguro de recibir un tratamiento de la m\u00e1s alta calidad.<\/span><\/p><p>\u00a0<\/p>\t\t\t\t\t\t\t\t<\/div>\n\t\t\t\t<div class=\"elementor-element elementor-element-640edb8 elementor-widget elementor-widget-heading\" data-id=\"640edb8\" data-element_type=\"widget\" data-e-type=\"widget\" data-widget_type=\"heading.default\">\n\t\t\t\t\t<h2 class=\"elementor-heading-title elementor-size-default\">\u00bfEst\u00e1s listo para aumentar tus gl\u00fateos con implantes de silicona?<\/h2>\t\t\t\t<\/div>\n\t\t\t\t<div class=\"elementor-element elementor-element-d3baa52 elementor-widget elementor-widget-text-editor\" data-id=\"d3baa52\" data-element_type=\"widget\" data-e-type=\"widget\" data-widget_type=\"text-editor.default\">\n\t\t\t\t\t\t\t\t\t<p><span style=\"font-weight: 400;\">Si est\u00e1s buscando mejorar tu silueta y obtener unos gl\u00fateos m\u00e1s grandes y hermosos, el aumento de gl\u00fateos con implantes de silicona puede ser una excelente opci\u00f3n. Ponte en contacto con el Dr. Uriel Mu\u00f1oz para obtener m\u00e1s informaci\u00f3n y descubrir si este procedimiento es adecuado para ti.<\/span><\/p>\t\t\t\t\t\t\t\t<\/div>\n\t\t\t\t\t<\/div>\n\t\t<\/div>\n\t\t\t\t\t<\/div>\n\t\t<\/section>\n\t\t\t\t<\/div>","protected":false},"excerpt":{"rendered":"<p>Aumento de gl\u00fateos con implantes de silicona Un resultado natural y hermoso con el Dr. Uriel Mu\u00f1oz \u00bfQu\u00e9 es el aumento de gl\u00fateos con implantes de silicona? El aumento de gl\u00fateos con implantes de silicona es un procedimiento quir\u00fargico realizado para cambiar el tama\u00f1o, forma y contorno de los gl\u00fateos. El Dr. Uriel Mu\u00f1oz utiliza [&hellip;]<\/p>\n","protected":false},"author":3,"featured_media":0,"parent":4353,"menu_order":0,"comment_status":"closed","ping_status":"closed","template":"","meta":{"_acf_changed":false,"inline_featured_image":false,"site-sidebar-layout":"no-sidebar","site-content-layout":"page-builder","ast-site-content-layout":"full-width-container","site-content-style":"unboxed","site-sidebar-style":"unboxed","ast-global-header-display":"","ast-banner-title-visibility":"","ast-main-header-display":"","ast-hfb-above-header-display":"","ast-hfb-below-header-display":"","ast-hfb-mobile-header-display":"","site-post-title":"disabled","ast-breadcrumbs-content":"","ast-featured-img":"disabled","footer-sml-layout":"","ast-disable-related-posts":"","theme-transparent-header-meta":"","adv-header-id-meta":"","stick-header-meta":"","header-above-stick-meta":"","header-main-stick-meta":"","header-below-stick-meta":"","astra-migrate-meta-layouts":"set","ast-page-background-enabled":"default","ast-page-background-meta":{"desktop":{"background-color":"","background-image":"","background-repeat":"repeat","background-position":"center center","background-size":"auto","background-attachment":"scroll","background-type":"","background-media":"","overlay-type":"","overlay-color":"","overlay-opacity":"","overlay-gradient":""},"tablet":{"background-color":"","background-image":"","background-repeat":"repeat","background-position":"center center","background-size":"auto","background-attachment":"scroll","background-type":"","background-media":"","overlay-type":"","overlay-color":"","overlay-opacity":"","overlay-gradient":""},"mobile":{"background-color":"","background-image":"","background-repeat":"repeat","background-position":"center center","background-size":"auto","background-attachment":"scroll","background-type":"","background-media":"","overlay-type":"","overlay-color":"","overlay-opacity":"","overlay-gradient":""}},"ast-content-background-meta":{"desktop":{"background-color":"var(--ast-global-color-5)","background-image":"","background-repeat":"repeat","background-position":"center center","background-size":"auto","background-attachment":"scroll","background-type":"","background-media":"","overlay-type":"","overlay-color":"","overlay-opacity":"","overlay-gradient":""},"tablet":{"background-color":"var(--ast-global-color-5)","background-image":"","background-repeat":"repeat","background-position":"center center","background-size":"auto","background-attachment":"scroll","background-type":"","background-media":"","overlay-type":"","overlay-color":"","overlay-opacity":"","overlay-gradient":""},"mobile":{"background-color":"var(--ast-global-color-5)","background-image":"","background-repeat":"repeat","background-position":"center center","background-size":"auto","background-attachment":"scroll","background-type":"","background-media":"","overlay-type":"","overlay-color":"","overlay-opacity":"","overlay-gradient":""}},"footnotes":""},"class_list":["post-1629","page","type-page","status-publish","hentry"],"acf":[],"_links":{"self":[{"href":"https:\/\/urielplasticsurgery.com\/en\/wp-json\/wp\/v2\/pages\/1629","targetHints":{"allow":["GET"]}}],"collection":[{"href":"https:\/\/urielplasticsurgery.com\/en\/wp-json\/wp\/v2\/pages"}],"about":[{"href":"https:\/\/urielplasticsurgery.com\/en\/wp-json\/wp\/v2\/types\/page"}],"author":[{"embeddable":true,"href":"https:\/\/urielplasticsurgery.com\/en\/wp-json\/wp\/v2\/users\/3"}],"replies":[{"embeddable":true,"href":"https:\/\/urielplasticsurgery.com\/en\/wp-json\/wp\/v2\/comments?post=1629"}],"version-history":[{"count":0,"href":"https:\/\/urielplasticsurgery.com\/en\/wp-json\/wp\/v2\/pages\/1629\/revisions"}],"up":[{"embeddable":true,"href":"https:\/\/urielplasticsurgery.com\/en\/wp-json\/wp\/v2\/pages\/4353"}],"wp:attachment":[{"href":"https:\/\/urielplasticsurgery.com\/en\/wp-json\/wp\/v2\/media?parent=1629"}],"curies":[{"name":"wp","href":"https:\/\/api.w.org\/{rel}","templated":true}]}}