{"id":1609,"date":"2023-02-14T15:44:35","date_gmt":"2023-02-14T15:44:35","guid":{"rendered":"https:\/\/urielplasticsurgery.com\/?page_id=1609"},"modified":"2026-01-24T01:58:30","modified_gmt":"2026-01-24T01:58:30","slug":"bbl","status":"publish","type":"page","link":"https:\/\/urielplasticsurgery.com\/en\/plastic-surgery-mexico\/body\/bbl\/","title":{"rendered":"Brazilian Butt Lift (BBL)"},"content":{"rendered":"<div data-elementor-type=\"wp-page\" data-elementor-id=\"1609\" class=\"elementor elementor-1609\" data-elementor-post-type=\"page\">\n\t\t\t\t\t\t<section class=\"elementor-section elementor-top-section elementor-element elementor-element-f4902a1 elementor-section-boxed elementor-section-height-default elementor-section-height-default\" data-id=\"f4902a1\" data-element_type=\"section\" data-e-type=\"section\" data-settings=\"{&quot;background_background&quot;:&quot;classic&quot;}\">\n\t\t\t\t\t\t\t<div class=\"elementor-background-overlay\"><\/div>\n\t\t\t\t\t\t\t<div class=\"elementor-container elementor-column-gap-default\">\n\t\t\t\t\t<div class=\"elementor-column elementor-col-100 elementor-top-column elementor-element elementor-element-0bc84c7\" data-id=\"0bc84c7\" data-element_type=\"column\" data-e-type=\"column\">\n\t\t\t<div class=\"elementor-widget-wrap elementor-element-populated\">\n\t\t\t\t\t\t<div class=\"elementor-element elementor-element-f102921 elementor-widget elementor-widget-heading\" data-id=\"f102921\" data-element_type=\"widget\" data-e-type=\"widget\" data-widget_type=\"heading.default\">\n\t\t\t\t\t<h1 class=\"elementor-heading-title elementor-size-default\">Brazilian Butt Lift (BBL)<\/h1>\t\t\t\t<\/div>\n\t\t\t\t<div class=\"elementor-element elementor-element-71b4591 elementor-widget elementor-widget-text-editor\" data-id=\"71b4591\" data-element_type=\"widget\" data-e-type=\"widget\" data-widget_type=\"text-editor.default\">\n\t\t\t\t\t\t\t\t\t<p><span style=\"font-weight: 400;\">A Brazilian Butt Lift (BBL) to Enhance Your Figure<\/span><\/p>\t\t\t\t\t\t\t\t<\/div>\n\t\t\t\t\t<\/div>\n\t\t<\/div>\n\t\t\t\t\t<\/div>\n\t\t<\/section>\n\t\t\t\t<section class=\"elementor-section elementor-top-section elementor-element elementor-element-7f002bd elementor-section-boxed elementor-section-height-default elementor-section-height-default\" data-id=\"7f002bd\" data-element_type=\"section\" data-e-type=\"section\">\n\t\t\t\t\t\t<div class=\"elementor-container elementor-column-gap-default\">\n\t\t\t\t\t<div class=\"elementor-column elementor-col-100 elementor-top-column elementor-element elementor-element-a5a2807\" data-id=\"a5a2807\" data-element_type=\"column\" data-e-type=\"column\">\n\t\t\t<div class=\"elementor-widget-wrap elementor-element-populated\">\n\t\t\t\t\t\t<div class=\"elementor-element elementor-element-b89afcc elementor-widget elementor-widget-heading\" data-id=\"b89afcc\" data-element_type=\"widget\" data-e-type=\"widget\" data-widget_type=\"heading.default\">\n\t\t\t\t\t<h2 class=\"elementor-heading-title elementor-size-default\">What is Brazilian Butt Lift (BBL)?<\/h2>\t\t\t\t<\/div>\n\t\t\t\t<div class=\"elementor-element elementor-element-c4d891b elementor-widget elementor-widget-text-editor\" data-id=\"c4d891b\" data-element_type=\"widget\" data-e-type=\"widget\" data-widget_type=\"text-editor.default\">\n\t\t\t\t\t\t\t\t\t<p><span style=\"font-weight: 400;\">A Brazilian Butt Lift (BBL) is a buttock augmentation and body contouring surgery that involves removing body fat and transferring the fat to the buttocks to increase their volume and tone the muscles. A BBL will give the buttocks a more natural, toned and voluminous shape, which will improve the aesthetics of your lower body.<\/span><\/p>\t\t\t\t\t\t\t\t<\/div>\n\t\t\t\t<div class=\"elementor-element elementor-element-f5a3811 elementor-widget elementor-widget-heading\" data-id=\"f5a3811\" data-element_type=\"widget\" data-e-type=\"widget\" data-widget_type=\"heading.default\">\n\t\t\t\t\t<h3 class=\"elementor-heading-title elementor-size-default\">Advantages of a BBL<\/h3>\t\t\t\t<\/div>\n\t\t\t\t<div class=\"elementor-element elementor-element-c93181f elementor-widget elementor-widget-text-editor\" data-id=\"c93181f\" data-element_type=\"widget\" data-e-type=\"widget\" data-widget_type=\"text-editor.default\">\n\t\t\t\t\t\t\t\t\t<p><span style=\"font-weight: 400;\">The main advantage of BBL is that it is a body contouring surgery that combines liposuction with fat implantation to achieve better results. This technique helps to improve the aesthetics of the lower body by lifting and contouring the buttocks. With a BBL, not only is fat removed, but it is also transferred and applied to the buttocks to increase their volume and tone the muscles.<\/span><\/p>\t\t\t\t\t\t\t\t<\/div>\n\t\t\t\t<div class=\"elementor-element elementor-element-bf29d30 elementor-widget elementor-widget-heading\" data-id=\"bf29d30\" data-element_type=\"widget\" data-e-type=\"widget\" data-widget_type=\"heading.default\">\n\t\t\t\t\t<h3 class=\"elementor-heading-title elementor-size-default\">Benefits of a BBL<\/h3>\t\t\t\t<\/div>\n\t\t\t\t<div class=\"elementor-element elementor-element-086f22f elementor-widget elementor-widget-text-editor\" data-id=\"086f22f\" data-element_type=\"widget\" data-e-type=\"widget\" data-widget_type=\"text-editor.default\">\n\t\t\t\t\t\t\t\t\t<p><span style=\"font-weight: 400;\">During arm lift surgery, Dr. Munoz will make an incision on the inside of the arm to remove excess skin and fat. The incision will begin in the armpit and go down to the elbow. Once the excess skin is removed, the remaining skin will be sutured and sewn back together. After the procedure, your arms will be bandaged to help reduce swelling and bruising.<\/span><\/p>\t\t\t\t\t\t\t\t<\/div>\n\t\t\t\t<div class=\"elementor-element elementor-element-b4d6de0 elementor-widget elementor-widget-heading\" data-id=\"b4d6de0\" data-element_type=\"widget\" data-e-type=\"widget\" data-widget_type=\"heading.default\">\n\t\t\t\t\t<h2 class=\"elementor-heading-title elementor-size-default\">Recovery after arm lift surgery<\/h2>\t\t\t\t<\/div>\n\t\t\t\t<div class=\"elementor-element elementor-element-e60da4b elementor-widget elementor-widget-text-editor\" data-id=\"e60da4b\" data-element_type=\"widget\" data-e-type=\"widget\" data-widget_type=\"text-editor.default\">\n\t\t\t\t\t\t\t\t\t<p><span style=\"font-weight: 400;\">After arm lift surgery, you will need to wear compression garments for several weeks to reduce swelling and promote healing. You will also need to avoid strenuous activities, such as exercise, for four to six weeks after the procedure. You will be able to return to work and other daily activities within a few days of surgery, but you should expect some swelling and bruising for the first few weeks after the procedure.<\/span><\/p>\t\t\t\t\t\t\t\t<\/div>\n\t\t\t\t<div class=\"elementor-element elementor-element-17a9ec8 elementor-widget elementor-widget-heading\" data-id=\"17a9ec8\" data-element_type=\"widget\" data-e-type=\"widget\" data-widget_type=\"heading.default\">\n\t\t\t\t\t<h2 class=\"elementor-heading-title elementor-size-default\">Take the first step toward a more youthful and toned appearance.<\/h2>\t\t\t\t<\/div>\n\t\t\t\t<div class=\"elementor-element elementor-element-eb388e3 elementor-widget elementor-widget-text-editor\" data-id=\"eb388e3\" data-element_type=\"widget\" data-e-type=\"widget\" data-widget_type=\"text-editor.default\">\n\t\t\t\t\t\t\t\t\t<p><span style=\"font-weight: 400;\">If you are looking for a way to reduce sagging skin on your arms and improve your self-confidence, arm lift surgery may be the perfect solution. Dr. Munoz is a board-certified plastic surgeon who specializes in arm lift surgery. To learn more about the procedure and find out if you are a candidate for arm lift surgery, contact us today to schedule a consultation.<\/span><\/p>\t\t\t\t\t\t\t\t<\/div>\n\t\t\t\t\t<\/div>\n\t\t<\/div>\n\t\t\t\t\t<\/div>\n\t\t<\/section>\n\t\t\t\t<\/div>","protected":false},"excerpt":{"rendered":"<p>Levantamiento de Gl\u00fateos Brasile\u00f1o (BBL) Un Levantamiento de Gl\u00fateos Brasile\u00f1o (BBL) para Mejorar Tu Figura \u00bfQu\u00e9 es el Levantamiento de Gl\u00fateos Brasile\u00f1o (BBL)? Un levantamiento de gl\u00fateos brasile\u00f1o (BBL) es una cirug\u00eda de aumento de gl\u00fateos y contorno corporal que consiste en la eliminaci\u00f3n de grasa corporal y la transferencia de la grasa a los [&hellip;]<\/p>\n","protected":false},"author":3,"featured_media":1865,"parent":4353,"menu_order":0,"comment_status":"closed","ping_status":"closed","template":"","meta":{"_acf_changed":false,"inline_featured_image":false,"site-sidebar-layout":"no-sidebar","site-content-layout":"page-builder","ast-site-content-layout":"full-width-container","site-content-style":"unboxed","site-sidebar-style":"unboxed","ast-global-header-display":"","ast-banner-title-visibility":"","ast-main-header-display":"","ast-hfb-above-header-display":"","ast-hfb-below-header-display":"","ast-hfb-mobile-header-display":"","site-post-title":"disabled","ast-breadcrumbs-content":"","ast-featured-img":"disabled","footer-sml-layout":"","ast-disable-related-posts":"","theme-transparent-header-meta":"","adv-header-id-meta":"","stick-header-meta":"","header-above-stick-meta":"","header-main-stick-meta":"","header-below-stick-meta":"","astra-migrate-meta-layouts":"set","ast-page-background-enabled":"default","ast-page-background-meta":{"desktop":{"background-color":"","background-image":"","background-repeat":"repeat","background-position":"center center","background-size":"auto","background-attachment":"scroll","background-type":"","background-media":"","overlay-type":"","overlay-color":"","overlay-opacity":"","overlay-gradient":""},"tablet":{"background-color":"","background-image":"","background-repeat":"repeat","background-position":"center center","background-size":"auto","background-attachment":"scroll","background-type":"","background-media":"","overlay-type":"","overlay-color":"","overlay-opacity":"","overlay-gradient":""},"mobile":{"background-color":"","background-image":"","background-repeat":"repeat","background-position":"center center","background-size":"auto","background-attachment":"scroll","background-type":"","background-media":"","overlay-type":"","overlay-color":"","overlay-opacity":"","overlay-gradient":""}},"ast-content-background-meta":{"desktop":{"background-color":"var(--ast-global-color-5)","background-image":"","background-repeat":"repeat","background-position":"center center","background-size":"auto","background-attachment":"scroll","background-type":"","background-media":"","overlay-type":"","overlay-color":"","overlay-opacity":"","overlay-gradient":""},"tablet":{"background-color":"var(--ast-global-color-5)","background-image":"","background-repeat":"repeat","background-position":"center center","background-size":"auto","background-attachment":"scroll","background-type":"","background-media":"","overlay-type":"","overlay-color":"","overlay-opacity":"","overlay-gradient":""},"mobile":{"background-color":"var(--ast-global-color-5)","background-image":"","background-repeat":"repeat","background-position":"center center","background-size":"auto","background-attachment":"scroll","background-type":"","background-media":"","overlay-type":"","overlay-color":"","overlay-opacity":"","overlay-gradient":""}},"footnotes":""},"class_list":["post-1609","page","type-page","status-publish","has-post-thumbnail","hentry"],"acf":[],"_links":{"self":[{"href":"https:\/\/urielplasticsurgery.com\/en\/wp-json\/wp\/v2\/pages\/1609","targetHints":{"allow":["GET"]}}],"collection":[{"href":"https:\/\/urielplasticsurgery.com\/en\/wp-json\/wp\/v2\/pages"}],"about":[{"href":"https:\/\/urielplasticsurgery.com\/en\/wp-json\/wp\/v2\/types\/page"}],"author":[{"embeddable":true,"href":"https:\/\/urielplasticsurgery.com\/en\/wp-json\/wp\/v2\/users\/3"}],"replies":[{"embeddable":true,"href":"https:\/\/urielplasticsurgery.com\/en\/wp-json\/wp\/v2\/comments?post=1609"}],"version-history":[{"count":0,"href":"https:\/\/urielplasticsurgery.com\/en\/wp-json\/wp\/v2\/pages\/1609\/revisions"}],"up":[{"embeddable":true,"href":"https:\/\/urielplasticsurgery.com\/en\/wp-json\/wp\/v2\/pages\/4353"}],"wp:featuredmedia":[{"embeddable":true,"href":"https:\/\/urielplasticsurgery.com\/en\/wp-json\/wp\/v2\/media\/1865"}],"wp:attachment":[{"href":"https:\/\/urielplasticsurgery.com\/en\/wp-json\/wp\/v2\/media?parent=1609"}],"curies":[{"name":"wp","href":"https:\/\/api.w.org\/{rel}","templated":true}]}}