{"id":1575,"date":"2023-02-14T13:46:42","date_gmt":"2023-02-14T13:46:42","guid":{"rendered":"https:\/\/urielplasticsurgery.com\/?page_id=1575"},"modified":"2026-01-25T00:58:18","modified_gmt":"2026-01-25T00:58:18","slug":"breast-augmentation-with-implants","status":"publish","type":"page","link":"https:\/\/urielplasticsurgery.com\/en\/plastic-surgery-mexico\/bust\/breast-augmentation-with-implants\/","title":{"rendered":"Breast Augmentation With Implants with Dr. Uriel Mu\u00f1oz"},"content":{"rendered":"<div data-elementor-type=\"wp-page\" data-elementor-id=\"1575\" class=\"elementor elementor-1575\" data-elementor-post-type=\"page\">\n\t\t\t\t\t\t<section class=\"elementor-section elementor-top-section elementor-element elementor-element-1001bd8 elementor-section-boxed elementor-section-height-default elementor-section-height-default\" data-id=\"1001bd8\" data-element_type=\"section\" data-e-type=\"section\" data-settings=\"{&quot;background_background&quot;:&quot;classic&quot;}\">\n\t\t\t\t\t\t\t<div class=\"elementor-background-overlay\"><\/div>\n\t\t\t\t\t\t\t<div class=\"elementor-container elementor-column-gap-default\">\n\t\t\t\t\t<div class=\"elementor-column elementor-col-100 elementor-top-column elementor-element elementor-element-3fc95fd\" data-id=\"3fc95fd\" data-element_type=\"column\" data-e-type=\"column\">\n\t\t\t<div class=\"elementor-widget-wrap elementor-element-populated\">\n\t\t\t\t\t\t<div class=\"elementor-element elementor-element-19edcc6 elementor-widget elementor-widget-heading\" data-id=\"19edcc6\" data-element_type=\"widget\" data-e-type=\"widget\" data-widget_type=\"heading.default\">\n\t\t\t\t\t<h1 class=\"elementor-heading-title elementor-size-default\">Breast Augmentation With Implants with Dr. Uriel Mu\u00f1oz\n<\/h1>\t\t\t\t<\/div>\n\t\t\t\t<div class=\"elementor-element elementor-element-c9bdebd elementor-widget elementor-widget-text-editor\" data-id=\"c9bdebd\" data-element_type=\"widget\" data-e-type=\"widget\" data-widget_type=\"text-editor.default\">\n\t\t\t\t\t\t\t\t\t<p>Get the look you've always wanted with r<span style=\"font-weight: 400;\">atural and lasting results<\/span><\/p><p>\u00a0<\/p>\t\t\t\t\t\t\t\t<\/div>\n\t\t\t\t\t<\/div>\n\t\t<\/div>\n\t\t\t\t\t<\/div>\n\t\t<\/section>\n\t\t\t\t<section class=\"elementor-section elementor-top-section elementor-element elementor-element-cef7ab9 elementor-section-boxed elementor-section-height-default elementor-section-height-default\" data-id=\"cef7ab9\" data-element_type=\"section\" data-e-type=\"section\">\n\t\t\t\t\t\t<div class=\"elementor-container elementor-column-gap-default\">\n\t\t\t\t\t<div class=\"elementor-column elementor-col-100 elementor-top-column elementor-element elementor-element-751064e\" data-id=\"751064e\" data-element_type=\"column\" data-e-type=\"column\">\n\t\t\t<div class=\"elementor-widget-wrap elementor-element-populated\">\n\t\t\t\t\t\t<div class=\"elementor-element elementor-element-0aa6b76 elementor-widget elementor-widget-heading\" data-id=\"0aa6b76\" data-element_type=\"widget\" data-e-type=\"widget\" data-widget_type=\"heading.default\">\n\t\t\t\t\t<h2 class=\"elementor-heading-title elementor-size-default\">What is Breast Augmentation with Implants?\n<\/h2>\t\t\t\t<\/div>\n\t\t\t\t<div class=\"elementor-element elementor-element-4ffece6 elementor-widget elementor-widget-text-editor\" data-id=\"4ffece6\" data-element_type=\"widget\" data-e-type=\"widget\" data-widget_type=\"text-editor.default\">\n\t\t\t\t\t\t\t\t\t<p><span style=\"font-weight: 400;\">A breast augmentation with implants is a surgical procedure in which breast implants are placed to increase the size and shape of the breasts. This surgery can take place to change the size of the breasts, to restore the shape of the breasts after pregnancy or to correct imbalances between the two breasts. Dr. Uriel Mu\u00f1oz uses the latest advances in plastic surgery to achieve natural and lasting results.<\/span><\/p>\t\t\t\t\t\t\t\t<\/div>\n\t\t\t\t<div class=\"elementor-element elementor-element-21392ac elementor-widget elementor-widget-heading\" data-id=\"21392ac\" data-element_type=\"widget\" data-e-type=\"widget\" data-widget_type=\"heading.default\">\n\t\t\t\t\t<h2 class=\"elementor-heading-title elementor-size-default\">Who is a candidate for Breast Augmentation with Implants?\n<\/h2>\t\t\t\t<\/div>\n\t\t\t\t<div class=\"elementor-element elementor-element-f9bf952 elementor-widget elementor-widget-text-editor\" data-id=\"f9bf952\" data-element_type=\"widget\" data-e-type=\"widget\" data-widget_type=\"text-editor.default\">\n\t\t\t\t\t\t\t\t\t<p><span style=\"font-weight: 400;\">Anyone who wishes to improve the size or shape of their breasts may be a candidate for breast augmentation with implants. Dr. Uriel Munoz will work with you to determine if this procedure is right for your needs and desires.<\/span><\/p>\t\t\t\t\t\t\t\t<\/div>\n\t\t\t\t<div class=\"elementor-element elementor-element-ed78b06 elementor-widget elementor-widget-heading\" data-id=\"ed78b06\" data-element_type=\"widget\" data-e-type=\"widget\" data-widget_type=\"heading.default\">\n\t\t\t\t\t<h2 class=\"elementor-heading-title elementor-size-default\">How is the breast augmentation with own fat performed?\n<\/h2>\t\t\t\t<\/div>\n\t\t\t\t<div class=\"elementor-element elementor-element-aac19b7 elementor-widget elementor-widget-text-editor\" data-id=\"aac19b7\" data-element_type=\"widget\" data-e-type=\"widget\" data-widget_type=\"text-editor.default\">\n\t\t\t\t\t\t\t\t\t<p><span style=\"font-weight: 400;\">Breast augmentation with implants is performed under general anesthesia and usually lasts one to two hours. During the procedure, Dr. Uriel Munoz made an incision in the armpit, nipple or linea alba (the center line between the breasts) to place the implants. After the implants are placed, the incisions are closed and a bandage is applied.<\/span><\/p>\t\t\t\t\t\t\t\t<\/div>\n\t\t\t\t<div class=\"elementor-element elementor-element-70ac146 elementor-widget elementor-widget-heading\" data-id=\"70ac146\" data-element_type=\"widget\" data-e-type=\"widget\" data-widget_type=\"heading.default\">\n\t\t\t\t\t<h2 class=\"elementor-heading-title elementor-size-default\">What are the results of Breast Augmentation with Implants?\n<\/h2>\t\t\t\t<\/div>\n\t\t\t\t<div class=\"elementor-element elementor-element-e84b466 elementor-widget elementor-widget-text-editor\" data-id=\"e84b466\" data-element_type=\"widget\" data-e-type=\"widget\" data-widget_type=\"text-editor.default\">\n\t\t\t\t\t\t\t\t\t<p><span style=\"font-weight: 400;\">The results of breast augmentation with implants vary according to each patient's individual goals. In general, the main objective is to achieve an increase in the size and shape of the breast. The surgery can also help improve symmetry between the breasts.<\/span><\/p>\t\t\t\t\t\t\t\t<\/div>\n\t\t\t\t<div class=\"elementor-element elementor-element-c9a15ea elementor-widget elementor-widget-heading\" data-id=\"c9a15ea\" data-element_type=\"widget\" data-e-type=\"widget\" data-widget_type=\"heading.default\">\n\t\t\t\t\t<h3 class=\"elementor-heading-title elementor-size-default\">What can I expect during recovery?\n<\/h3>\t\t\t\t<\/div>\n\t\t\t\t<div class=\"elementor-element elementor-element-a044c70 elementor-widget elementor-widget-text-editor\" data-id=\"a044c70\" data-element_type=\"widget\" data-e-type=\"widget\" data-widget_type=\"text-editor.default\">\n\t\t\t\t\t\t\t\t\t<p><span style=\"font-weight: 400;\">Recovery time after breast augmentation with implants will vary from patient to patient. Dr. Uriel Munoz will give you detailed instructions on how to care for your breasts during recovery. Patients can usually return to normal activities within two to three weeks.<\/span><\/p>\t\t\t\t\t\t\t\t<\/div>\n\t\t\t\t<div class=\"elementor-element elementor-element-611111e elementor-widget elementor-widget-heading\" data-id=\"611111e\" data-element_type=\"widget\" data-e-type=\"widget\" data-widget_type=\"heading.default\">\n\t\t\t\t\t<h2 class=\"elementor-heading-title elementor-size-default\">Breast Augmentation with Implants Safely with Dr. Uriel Mu\u00f1oz<\/h2>\t\t\t\t<\/div>\n\t\t\t\t<div class=\"elementor-element elementor-element-cd85e50 elementor-widget elementor-widget-text-editor\" data-id=\"cd85e50\" data-element_type=\"widget\" data-e-type=\"widget\" data-widget_type=\"text-editor.default\">\n\t\t\t\t\t\t\t\t\t<p><span style=\"font-weight: 400;\">Dr. Uriel Mu\u00f1oz is a board certified plastic surgeon by the Mexican Board of Plastic, Reconstructive and Aesthetic Surgery who uses the latest techniques to achieve the best results. He prides himself on delivering natural and beautiful results that enhance your natural beauty. If you are interested in breast augmentation with implants, contact Dr. Uriel Mu\u00f1oz to schedule a consultation.<\/span><\/p>\t\t\t\t\t\t\t\t<\/div>\n\t\t\t\t\t<\/div>\n\t\t<\/div>\n\t\t\t\t\t<\/div>\n\t\t<\/section>\n\t\t\t\t<\/div>","protected":false},"excerpt":{"rendered":"<p>Aumento de Senos Con Implantes con el Dr. Uriel Mu\u00f1oz Obtenga el aspecto que siempre ha deseado con resultados naturales y duraderos \u00a0 \u00bfQu\u00e9 es el Aumento de Senos con Implantes? Un aumento de senos con implantes es un procedimiento quir\u00fargico en el que se colocan implantes mamarios para aumentar el tama\u00f1o y la forma [&hellip;]<\/p>\n","protected":false},"author":3,"featured_media":0,"parent":4376,"menu_order":0,"comment_status":"closed","ping_status":"closed","template":"","meta":{"_acf_changed":false,"inline_featured_image":false,"site-sidebar-layout":"no-sidebar","site-content-layout":"page-builder","ast-site-content-layout":"full-width-container","site-content-style":"unboxed","site-sidebar-style":"unboxed","ast-global-header-display":"","ast-banner-title-visibility":"","ast-main-header-display":"","ast-hfb-above-header-display":"","ast-hfb-below-header-display":"","ast-hfb-mobile-header-display":"","site-post-title":"disabled","ast-breadcrumbs-content":"","ast-featured-img":"disabled","footer-sml-layout":"","ast-disable-related-posts":"","theme-transparent-header-meta":"","adv-header-id-meta":"","stick-header-meta":"","header-above-stick-meta":"","header-main-stick-meta":"","header-below-stick-meta":"","astra-migrate-meta-layouts":"set","ast-page-background-enabled":"default","ast-page-background-meta":{"desktop":{"background-color":"","background-image":"","background-repeat":"repeat","background-position":"center center","background-size":"auto","background-attachment":"scroll","background-type":"","background-media":"","overlay-type":"","overlay-color":"","overlay-opacity":"","overlay-gradient":""},"tablet":{"background-color":"","background-image":"","background-repeat":"repeat","background-position":"center center","background-size":"auto","background-attachment":"scroll","background-type":"","background-media":"","overlay-type":"","overlay-color":"","overlay-opacity":"","overlay-gradient":""},"mobile":{"background-color":"","background-image":"","background-repeat":"repeat","background-position":"center center","background-size":"auto","background-attachment":"scroll","background-type":"","background-media":"","overlay-type":"","overlay-color":"","overlay-opacity":"","overlay-gradient":""}},"ast-content-background-meta":{"desktop":{"background-color":"var(--ast-global-color-5)","background-image":"","background-repeat":"repeat","background-position":"center center","background-size":"auto","background-attachment":"scroll","background-type":"","background-media":"","overlay-type":"","overlay-color":"","overlay-opacity":"","overlay-gradient":""},"tablet":{"background-color":"var(--ast-global-color-5)","background-image":"","background-repeat":"repeat","background-position":"center center","background-size":"auto","background-attachment":"scroll","background-type":"","background-media":"","overlay-type":"","overlay-color":"","overlay-opacity":"","overlay-gradient":""},"mobile":{"background-color":"var(--ast-global-color-5)","background-image":"","background-repeat":"repeat","background-position":"center center","background-size":"auto","background-attachment":"scroll","background-type":"","background-media":"","overlay-type":"","overlay-color":"","overlay-opacity":"","overlay-gradient":""}},"footnotes":""},"class_list":["post-1575","page","type-page","status-publish","hentry"],"acf":[],"_links":{"self":[{"href":"https:\/\/urielplasticsurgery.com\/en\/wp-json\/wp\/v2\/pages\/1575","targetHints":{"allow":["GET"]}}],"collection":[{"href":"https:\/\/urielplasticsurgery.com\/en\/wp-json\/wp\/v2\/pages"}],"about":[{"href":"https:\/\/urielplasticsurgery.com\/en\/wp-json\/wp\/v2\/types\/page"}],"author":[{"embeddable":true,"href":"https:\/\/urielplasticsurgery.com\/en\/wp-json\/wp\/v2\/users\/3"}],"replies":[{"embeddable":true,"href":"https:\/\/urielplasticsurgery.com\/en\/wp-json\/wp\/v2\/comments?post=1575"}],"version-history":[{"count":0,"href":"https:\/\/urielplasticsurgery.com\/en\/wp-json\/wp\/v2\/pages\/1575\/revisions"}],"up":[{"embeddable":true,"href":"https:\/\/urielplasticsurgery.com\/en\/wp-json\/wp\/v2\/pages\/4376"}],"wp:attachment":[{"href":"https:\/\/urielplasticsurgery.com\/en\/wp-json\/wp\/v2\/media?parent=1575"}],"curies":[{"name":"wp","href":"https:\/\/api.w.org\/{rel}","templated":true}]}}