{"id":1545,"date":"2023-02-14T13:28:16","date_gmt":"2023-02-14T13:28:16","guid":{"rendered":"https:\/\/urielplasticsurgery.com\/?page_id=1545"},"modified":"2026-01-21T02:14:24","modified_gmt":"2026-01-21T02:14:24","slug":"nipple-and-areola-reduction","status":"publish","type":"page","link":"https:\/\/urielplasticsurgery.com\/en\/plastic-surgery-mexico\/bust\/nipple-and-areola-reduction\/","title":{"rendered":"Areola and Nipple Reduction"},"content":{"rendered":"<div data-elementor-type=\"wp-page\" data-elementor-id=\"1545\" class=\"elementor elementor-1545\" data-elementor-post-type=\"page\">\n\t\t\t\t\t\t<section class=\"elementor-section elementor-top-section elementor-element elementor-element-15d5644 elementor-section-boxed elementor-section-height-default elementor-section-height-default\" data-id=\"15d5644\" data-element_type=\"section\" data-e-type=\"section\" data-settings=\"{&quot;background_background&quot;:&quot;classic&quot;}\">\n\t\t\t\t\t\t\t<div class=\"elementor-background-overlay\"><\/div>\n\t\t\t\t\t\t\t<div class=\"elementor-container elementor-column-gap-default\">\n\t\t\t\t\t<div class=\"elementor-column elementor-col-100 elementor-top-column elementor-element elementor-element-0b6d45e\" data-id=\"0b6d45e\" data-element_type=\"column\" data-e-type=\"column\">\n\t\t\t<div class=\"elementor-widget-wrap elementor-element-populated\">\n\t\t\t\t\t\t<div class=\"elementor-element elementor-element-c666bdb elementor-widget elementor-widget-heading\" data-id=\"c666bdb\" data-element_type=\"widget\" data-e-type=\"widget\" data-widget_type=\"heading.default\">\n\t\t\t\t\t<h1 class=\"elementor-heading-title elementor-size-default\">Areola or Nipple Reduction<\/h1>\t\t\t\t<\/div>\n\t\t\t\t<div class=\"elementor-element elementor-element-072cc39 elementor-widget elementor-widget-text-editor\" data-id=\"072cc39\" data-element_type=\"widget\" data-e-type=\"widget\" data-widget_type=\"text-editor.default\">\n\t\t\t\t\t\t\t\t\t<p><b>Say goodbye to unwanted large nipples or areolas<\/b><\/p>\t\t\t\t\t\t\t\t<\/div>\n\t\t\t\t\t<\/div>\n\t\t<\/div>\n\t\t\t\t\t<\/div>\n\t\t<\/section>\n\t\t\t\t<section class=\"elementor-section elementor-top-section elementor-element elementor-element-56e425a elementor-section-boxed elementor-section-height-default elementor-section-height-default\" data-id=\"56e425a\" data-element_type=\"section\" data-e-type=\"section\">\n\t\t\t\t\t\t<div class=\"elementor-container elementor-column-gap-default\">\n\t\t\t\t\t<div class=\"elementor-column elementor-col-100 elementor-top-column elementor-element elementor-element-4233fb2\" data-id=\"4233fb2\" data-element_type=\"column\" data-e-type=\"column\">\n\t\t\t<div class=\"elementor-widget-wrap elementor-element-populated\">\n\t\t\t\t\t\t<div class=\"elementor-element elementor-element-c07187a elementor-widget elementor-widget-heading\" data-id=\"c07187a\" data-element_type=\"widget\" data-e-type=\"widget\" data-widget_type=\"heading.default\">\n\t\t\t\t\t<h2 class=\"elementor-heading-title elementor-size-default\">What is Areola and Nipple Reduction Surgery?<\/h2>\t\t\t\t<\/div>\n\t\t\t\t<div class=\"elementor-element elementor-element-179aa72 elementor-widget elementor-widget-text-editor\" data-id=\"179aa72\" data-element_type=\"widget\" data-e-type=\"widget\" data-widget_type=\"text-editor.default\">\n\t\t\t\t\t\t\t\t\t<p>Areola and nipple reduction surgery is a cosmetic procedure that can improve the size and shape of your areolas and nipples. The surgery involves surgically removing excess skin, tissue, fat and\/or nipple tissue from the area, reducing the size of your areolas and\/or nipples. This procedure can be performed alone or in combination with other body contouring procedures, such as breast augmentation or breast lift surgery. The results of the procedure can be seen almost immediately and the final results can be seen after a few months.<\/p>\t\t\t\t\t\t\t\t<\/div>\n\t\t\t\t<div class=\"elementor-element elementor-element-b9668ad elementor-widget elementor-widget-heading\" data-id=\"b9668ad\" data-element_type=\"widget\" data-e-type=\"widget\" data-widget_type=\"heading.default\">\n\t\t\t\t\t<h2 class=\"elementor-heading-title elementor-size-default\">What are the benefits of areola and nipple reduction surgery?\n<\/h2>\t\t\t\t<\/div>\n\t\t\t\t<div class=\"elementor-element elementor-element-00e3595 elementor-widget elementor-widget-text-editor\" data-id=\"00e3595\" data-element_type=\"widget\" data-e-type=\"widget\" data-widget_type=\"text-editor.default\">\n\t\t\t\t\t\t\t\t\t<p><b>Areola and nipple reduction surgery can help reduce the size of the areola and nipple area, determining a more balanced and symmetrical appearance to the breasts. This procedure can also help reduce the appearance of large, uneven areolas, as well as reduce the size of oversized nipples. In addition, this procedure can provide a more aesthetically pleasing appearance to the breasts, which can increase self-confidence.<\/b><\/p>\t\t\t\t\t\t\t\t<\/div>\n\t\t\t\t<div class=\"elementor-element elementor-element-dc57d6c elementor-widget elementor-widget-heading\" data-id=\"dc57d6c\" data-element_type=\"widget\" data-e-type=\"widget\" data-widget_type=\"heading.default\">\n\t\t\t\t\t<h2 class=\"elementor-heading-title elementor-size-default\">Who is a good candidate for areola and nipple reduction surgery?\n<\/h2>\t\t\t\t<\/div>\n\t\t\t\t<div class=\"elementor-element elementor-element-2bc9dfe elementor-widget elementor-widget-text-editor\" data-id=\"2bc9dfe\" data-element_type=\"widget\" data-e-type=\"widget\" data-widget_type=\"text-editor.default\">\n\t\t\t\t\t\t\t\t\t<p>Areola and nipple reduction surgery is suitable for people who have overly large areolas or nipples, or those who are dissatisfied with their current appearance. This procedure can also be enhanced for people who have experienced changes in the size or shape of their areolas due to pregnancy, weight loss or aging. It is important to note that this procedure should only be performed by a board certified plastic surgeon such as Dr. Uriel Mu\u00f1oz, who has the experience and expertise to provide the best results.<\/p>\t\t\t\t\t\t\t\t<\/div>\n\t\t\t\t<div class=\"elementor-element elementor-element-a5bfd6a elementor-widget elementor-widget-heading\" data-id=\"a5bfd6a\" data-element_type=\"widget\" data-e-type=\"widget\" data-widget_type=\"heading.default\">\n\t\t\t\t\t<h2 class=\"elementor-heading-title elementor-size-default\">What is the recovery time for areola and nipple reduction surgery?<\/h2>\t\t\t\t<\/div>\n\t\t\t\t<div class=\"elementor-element elementor-element-fe1eb8e elementor-widget elementor-widget-text-editor\" data-id=\"fe1eb8e\" data-element_type=\"widget\" data-e-type=\"widget\" data-widget_type=\"text-editor.default\">\n\t\t\t\t\t\t\t\t\t<p>Recovery time for areola and nipple reduction surgery can vary from person to person, but usually takes 1-2 weeks. During this time, it is important to follow all of Dr. Munoz's post-operative instructions in order to minimize possible risks or complications. After the procedure, patients may experience swelling, bruising and some tenderness, but these symptoms should subside within a few days.<\/p>\t\t\t\t\t\t\t\t<\/div>\n\t\t\t\t<div class=\"elementor-element elementor-element-0896aca elementor-widget elementor-widget-heading\" data-id=\"0896aca\" data-element_type=\"widget\" data-e-type=\"widget\" data-widget_type=\"heading.default\">\n\t\t\t\t\t<h2 class=\"elementor-heading-title elementor-size-default\">Get the results you want with areola and nipple reduction surgery at Dr. Uriel Mu\u00f1oz's practice.\n<\/h2>\t\t\t\t<\/div>\n\t\t\t\t<div class=\"elementor-element elementor-element-73c6230 elementor-widget elementor-widget-text-editor\" data-id=\"73c6230\" data-element_type=\"widget\" data-e-type=\"widget\" data-widget_type=\"text-editor.default\">\n\t\t\t\t\t\t\t\t\t<p>Nipple and areola reduction surgery is a safe and effective way to achieve the look you desire. Dr. Uriel Munoz is a board-certified plastic surgeon who has the experience and expertise to deliver the best results. If you are interested in learning more about areola and nipple reduction surgery, contact Dr. Mu\u00f1oz's office today to schedule a consultation.<\/p>\t\t\t\t\t\t\t\t<\/div>\n\t\t\t\t\t<\/div>\n\t\t<\/div>\n\t\t\t\t\t<\/div>\n\t\t<\/section>\n\t\t\t\t<\/div>","protected":false},"excerpt":{"rendered":"<p>Reducci\u00f3n de Areola o Pez\u00f3n Desp\u00eddase de los pezones o areolas grandes Indeseadas \u00bfQu\u00e9 es la Cirug\u00eda de Reducci\u00f3n de Areolas y Pezones? La cirug\u00eda de reducci\u00f3n de areolas y pezones es un procedimiento cosm\u00e9tico que puede mejorar el tama\u00f1o y la forma de sus areolas y pezones. La cirug\u00eda consiste en extirpar quir\u00fargicamente el [&hellip;]<\/p>\n","protected":false},"author":1,"featured_media":0,"parent":4376,"menu_order":0,"comment_status":"closed","ping_status":"closed","template":"","meta":{"_acf_changed":false,"inline_featured_image":false,"site-sidebar-layout":"no-sidebar","site-content-layout":"page-builder","ast-site-content-layout":"full-width-container","site-content-style":"unboxed","site-sidebar-style":"unboxed","ast-global-header-display":"","ast-banner-title-visibility":"","ast-main-header-display":"","ast-hfb-above-header-display":"","ast-hfb-below-header-display":"","ast-hfb-mobile-header-display":"","site-post-title":"disabled","ast-breadcrumbs-content":"","ast-featured-img":"disabled","footer-sml-layout":"","ast-disable-related-posts":"","theme-transparent-header-meta":"","adv-header-id-meta":"","stick-header-meta":"","header-above-stick-meta":"","header-main-stick-meta":"","header-below-stick-meta":"","astra-migrate-meta-layouts":"set","ast-page-background-enabled":"default","ast-page-background-meta":{"desktop":{"background-color":"","background-image":"","background-repeat":"repeat","background-position":"center center","background-size":"auto","background-attachment":"scroll","background-type":"","background-media":"","overlay-type":"","overlay-color":"","overlay-opacity":"","overlay-gradient":""},"tablet":{"background-color":"","background-image":"","background-repeat":"repeat","background-position":"center center","background-size":"auto","background-attachment":"scroll","background-type":"","background-media":"","overlay-type":"","overlay-color":"","overlay-opacity":"","overlay-gradient":""},"mobile":{"background-color":"","background-image":"","background-repeat":"repeat","background-position":"center center","background-size":"auto","background-attachment":"scroll","background-type":"","background-media":"","overlay-type":"","overlay-color":"","overlay-opacity":"","overlay-gradient":""}},"ast-content-background-meta":{"desktop":{"background-color":"var(--ast-global-color-5)","background-image":"","background-repeat":"repeat","background-position":"center center","background-size":"auto","background-attachment":"scroll","background-type":"","background-media":"","overlay-type":"","overlay-color":"","overlay-opacity":"","overlay-gradient":""},"tablet":{"background-color":"var(--ast-global-color-5)","background-image":"","background-repeat":"repeat","background-position":"center center","background-size":"auto","background-attachment":"scroll","background-type":"","background-media":"","overlay-type":"","overlay-color":"","overlay-opacity":"","overlay-gradient":""},"mobile":{"background-color":"var(--ast-global-color-5)","background-image":"","background-repeat":"repeat","background-position":"center center","background-size":"auto","background-attachment":"scroll","background-type":"","background-media":"","overlay-type":"","overlay-color":"","overlay-opacity":"","overlay-gradient":""}},"footnotes":""},"class_list":["post-1545","page","type-page","status-publish","hentry"],"acf":[],"_links":{"self":[{"href":"https:\/\/urielplasticsurgery.com\/en\/wp-json\/wp\/v2\/pages\/1545","targetHints":{"allow":["GET"]}}],"collection":[{"href":"https:\/\/urielplasticsurgery.com\/en\/wp-json\/wp\/v2\/pages"}],"about":[{"href":"https:\/\/urielplasticsurgery.com\/en\/wp-json\/wp\/v2\/types\/page"}],"author":[{"embeddable":true,"href":"https:\/\/urielplasticsurgery.com\/en\/wp-json\/wp\/v2\/users\/1"}],"replies":[{"embeddable":true,"href":"https:\/\/urielplasticsurgery.com\/en\/wp-json\/wp\/v2\/comments?post=1545"}],"version-history":[{"count":0,"href":"https:\/\/urielplasticsurgery.com\/en\/wp-json\/wp\/v2\/pages\/1545\/revisions"}],"up":[{"embeddable":true,"href":"https:\/\/urielplasticsurgery.com\/en\/wp-json\/wp\/v2\/pages\/4376"}],"wp:attachment":[{"href":"https:\/\/urielplasticsurgery.com\/en\/wp-json\/wp\/v2\/media?parent=1545"}],"curies":[{"name":"wp","href":"https:\/\/api.w.org\/{rel}","templated":true}]}}