{"id":1495,"date":"2023-02-14T04:40:58","date_gmt":"2023-02-14T04:40:58","guid":{"rendered":"https:\/\/urielplasticsurgery.com\/?page_id=1495"},"modified":"2026-01-21T04:13:15","modified_gmt":"2026-01-21T04:13:15","slug":"facelift","status":"publish","type":"page","link":"https:\/\/urielplasticsurgery.com\/en\/plastic-surgery-mexico\/face\/facelift\/","title":{"rendered":"Face Lift"},"content":{"rendered":"<div data-elementor-type=\"wp-page\" data-elementor-id=\"1495\" class=\"elementor elementor-1495\" data-elementor-post-type=\"page\">\n\t\t\t\t\t\t<section class=\"elementor-section elementor-top-section elementor-element elementor-element-f13eaaf elementor-section-boxed elementor-section-height-default elementor-section-height-default\" data-id=\"f13eaaf\" data-element_type=\"section\" data-e-type=\"section\" data-settings=\"{&quot;background_background&quot;:&quot;classic&quot;}\">\n\t\t\t\t\t\t<div class=\"elementor-container elementor-column-gap-default\">\n\t\t\t\t\t<div class=\"elementor-column elementor-col-100 elementor-top-column elementor-element elementor-element-ab0ce84\" data-id=\"ab0ce84\" data-element_type=\"column\" data-e-type=\"column\">\n\t\t\t<div class=\"elementor-widget-wrap elementor-element-populated\">\n\t\t\t\t\t\t<div class=\"elementor-element elementor-element-77c8ac5 elementor-widget elementor-widget-heading\" data-id=\"77c8ac5\" data-element_type=\"widget\" data-e-type=\"widget\" data-widget_type=\"heading.default\">\n\t\t\t\t\t<h1 class=\"elementor-heading-title elementor-size-default\">Face Lift<\/h1>\t\t\t\t<\/div>\n\t\t\t\t<div class=\"elementor-element elementor-element-b2d74ad elementor-widget elementor-widget-text-editor\" data-id=\"b2d74ad\" data-element_type=\"widget\" data-e-type=\"widget\" data-widget_type=\"text-editor.default\">\n\t\t\t\t\t\t\t\t\t<p><span style=\"font-weight: 400;\">Realza tu Belleza Natural con las \u00daltimas T\u00e9cnicas<\/span><\/p>\t\t\t\t\t\t\t\t<\/div>\n\t\t\t\t\t<\/div>\n\t\t<\/div>\n\t\t\t\t\t<\/div>\n\t\t<\/section>\n\t\t\t\t<section class=\"elementor-section elementor-top-section elementor-element elementor-element-09200fc elementor-section-boxed elementor-section-height-default elementor-section-height-default\" data-id=\"09200fc\" data-element_type=\"section\" data-e-type=\"section\">\n\t\t\t\t\t\t<div class=\"elementor-container elementor-column-gap-default\">\n\t\t\t\t\t<div class=\"elementor-column elementor-col-100 elementor-top-column elementor-element elementor-element-2ad53cf\" data-id=\"2ad53cf\" data-element_type=\"column\" data-e-type=\"column\">\n\t\t\t<div class=\"elementor-widget-wrap elementor-element-populated\">\n\t\t\t\t\t\t<div class=\"elementor-element elementor-element-6906de9 elementor-widget elementor-widget-heading\" data-id=\"6906de9\" data-element_type=\"widget\" data-e-type=\"widget\" data-widget_type=\"heading.default\">\n\t\t\t\t\t<h2 class=\"elementor-heading-title elementor-size-default\">\u00bfQu\u00e9 es un Lifting Facial?<\/h2>\t\t\t\t<\/div>\n\t\t\t\t<div class=\"elementor-element elementor-element-313e9ce elementor-widget elementor-widget-text-editor\" data-id=\"313e9ce\" data-element_type=\"widget\" data-e-type=\"widget\" data-widget_type=\"text-editor.default\">\n\t\t\t\t\t\t\t\t\t<p><span style=\"font-weight: 400;\">Un lifting facial es un tipo de procedimiento cosm\u00e9tico que ayuda a levantar y reducir los signos de envejecimiento en el rostro. Implica una combinaci\u00f3n de tratamientos como la microdermoabrasi\u00f3n, tratamientos con l\u00e1ser e inyectables como rellenos y Botox. Est\u00e1 dise\u00f1ado para ayudar a reducir las arrugas, la flacidez de la piel y otros signos de envejecimiento, mientras que tambi\u00e9n proporciona una apariencia m\u00e1s uniforme y juvenil.<\/span><\/p>\t\t\t\t\t\t\t\t<\/div>\n\t\t\t\t<div class=\"elementor-element elementor-element-3db346c elementor-widget elementor-widget-heading\" data-id=\"3db346c\" data-element_type=\"widget\" data-e-type=\"widget\" data-widget_type=\"heading.default\">\n\t\t\t\t\t<h2 class=\"elementor-heading-title elementor-size-default\">\u00bfQu\u00e9 puede hacer un lifting facial?\n<\/h2>\t\t\t\t<\/div>\n\t\t\t\t<div class=\"elementor-element elementor-element-565e5ab elementor-widget elementor-widget-text-editor\" data-id=\"565e5ab\" data-element_type=\"widget\" data-e-type=\"widget\" data-widget_type=\"text-editor.default\">\n\t\t\t\t\t\t\t\t\t<p><span style=\"font-weight: 400;\">Un lifting facial puede ayudar a restaurar un aspecto joven y vibrante a su cara. Puede reducir las arrugas, la flacidez de la piel y otros signos de envejecimiento como la decoloraci\u00f3n, el da\u00f1o solar y las manchas de la edad. Tambi\u00e9n puede proporcionarle un tono y una textura de la piel m\u00e1s uniformes, as\u00ed como un aspecto m\u00e1s equilibrado y sim\u00e9trico. Los resultados de un tratamiento lifting facial pueden durar meses o incluso a\u00f1os, dependiendo del tipo de piel de cada persona y del tipo de productos y tratamientos utilizados.<\/span><\/p>\t\t\t\t\t\t\t\t<\/div>\n\t\t\t\t<div class=\"elementor-element elementor-element-84f3abd elementor-widget elementor-widget-heading\" data-id=\"84f3abd\" data-element_type=\"widget\" data-e-type=\"widget\" data-widget_type=\"heading.default\">\n\t\t\t\t\t<h3 class=\"elementor-heading-title elementor-size-default\">\u00bfCu\u00e1les son los beneficios de un tratamiento de lifting facial?\n<\/h3>\t\t\t\t<\/div>\n\t\t\t\t<div class=\"elementor-element elementor-element-a495aee elementor-widget elementor-widget-text-editor\" data-id=\"a495aee\" data-element_type=\"widget\" data-e-type=\"widget\" data-widget_type=\"text-editor.default\">\n\t\t\t\t\t\t\t\t\t<p><span style=\"font-weight: 400;\">Un tratamiento facial lifting puede proporcionar una serie de beneficios, como la reducci\u00f3n de las arrugas, la flacidez de la piel y otros signos de envejecimiento. Tambi\u00e9n puede proporcionarle un tono y una textura de la piel m\u00e1s uniformes, as\u00ed como un aspecto m\u00e1s equilibrado y sim\u00e9trico. Adem\u00e1s, un lifting facial puede ayudar a reducir la decoloraci\u00f3n, los da\u00f1os causados \u200b\u200bpor el sol y las manchas de la edad. Los resultados de un lifting facial pueden durar meses o incluso a\u00f1os, dependiendo de su tipo de piel y del tipo de productos y tratamientos utilizados.<\/span><\/p>\t\t\t\t\t\t\t\t<\/div>\n\t\t\t\t<div class=\"elementor-element elementor-element-0f085e5 elementor-widget elementor-widget-heading\" data-id=\"0f085e5\" data-element_type=\"widget\" data-e-type=\"widget\" data-widget_type=\"heading.default\">\n\t\t\t\t\t<h2 class=\"elementor-heading-title elementor-size-default\">\u00bfQu\u00e9 debo esperar durante un lifting facial?<\/h2>\t\t\t\t<\/div>\n\t\t\t\t<div class=\"elementor-element elementor-element-c5764cd elementor-widget elementor-widget-text-editor\" data-id=\"c5764cd\" data-element_type=\"widget\" data-e-type=\"widget\" data-widget_type=\"text-editor.default\">\n\t\t\t\t\t\t\t\t\t<p><span style=\"font-weight: 400;\">Un lifting facial normalmente implica una combinaci\u00f3n de tratamientos como la microdermoabrasi\u00f3n, tratamientos con l\u00e1ser e inyectables como rellenos y B\u00f3tox. Durante el procedimiento, su m\u00e9dico evaluar\u00e1 su piel y personalizar\u00e1 los tratamientos para que se adapten mejor a sus necesidades. dependiendo del tipo de tratamiento utilizado, el procedimiento puede durar entre 30 minutos y varias horas. Despu\u00e9s del procedimiento, puede experimentar algo de enrojecimiento e hinchaz\u00f3n, pero estos efectos secundarios deben desaparecer en pocos d\u00edas.<\/span><\/p>\t\t\t\t\t\t\t\t<\/div>\n\t\t\t\t<div class=\"elementor-element elementor-element-06dd7f9 elementor-widget elementor-widget-heading\" data-id=\"06dd7f9\" data-element_type=\"widget\" data-e-type=\"widget\" data-widget_type=\"heading.default\">\n\t\t\t\t\t<h2 class=\"elementor-heading-title elementor-size-default\">Dr. Uriel Mu\u00f1oz - Experto en Lifting Facial\n<\/h2>\t\t\t\t<\/div>\n\t\t\t\t<div class=\"elementor-element elementor-element-b8a238f elementor-widget elementor-widget-text-editor\" data-id=\"b8a238f\" data-element_type=\"widget\" data-e-type=\"widget\" data-widget_type=\"text-editor.default\">\n\t\t\t\t\t\t\t\t\t<p><span style=\"font-weight: 400;\">El Dr. Uriel Mu\u00f1oz es un cirujano pl\u00e1stico certificado que utiliza las \u00faltimas t\u00e9cnicas de vanguardia para lograr los mejores resultados. Se enorgullece de ofrecer resultados naturales y hermosos que realzan su belleza natural. Con su experiencia, puede proporcionarle un lifting facial que le ayudar\u00e1 a restaurar un aspecto joven y vibrante a su cara. Llame hoy para programar su consulta con el Dr. Mu\u00f1oz y aprender m\u00e1s acerca de los beneficios de un lifting facial.<\/span><\/p>\t\t\t\t\t\t\t\t<\/div>\n\t\t\t\t<div class=\"elementor-element elementor-element-e933a2a elementor-widget elementor-widget-heading\" data-id=\"e933a2a\" data-element_type=\"widget\" data-e-type=\"widget\" data-widget_type=\"heading.default\">\n\t\t\t\t\t<h3 class=\"elementor-heading-title elementor-size-default\">Schedule your consultation today\n<\/h3>\t\t\t\t<\/div>\n\t\t\t\t<div class=\"elementor-element elementor-element-36cebcc elementor-widget elementor-widget-text-editor\" data-id=\"36cebcc\" data-element_type=\"widget\" data-e-type=\"widget\" data-widget_type=\"text-editor.default\">\n\t\t\t\t\t\t\t\t\t<p><span style=\"font-weight: 400;\">Si usted est\u00e1 interesado en un lifting facial, p\u00f3ngase en contacto con nosotros hoy para programar su consulta con el Dr. Uriel Mu\u00f1oz. \u00c9l evaluar\u00e1 su piel y personalizar\u00e1 los tratamientos que mejor se adaptar\u00e1n a sus necesidades. Llame ahora para comenzar su viaje para lograr un aspecto m\u00e1s joven y vibrante.<\/span><\/p>\t\t\t\t\t\t\t\t<\/div>\n\t\t\t\t\t<\/div>\n\t\t<\/div>\n\t\t\t\t\t<\/div>\n\t\t<\/section>\n\t\t\t\t<\/div>","protected":false},"excerpt":{"rendered":"<p>Lifting Facial Realza tu Belleza Natural con las \u00daltimas T\u00e9cnicas \u00bfQu\u00e9 es un Lifting Facial? Un lifting facial es un tipo de procedimiento cosm\u00e9tico que ayuda a levantar y reducir los signos de envejecimiento en el rostro. Implica una combinaci\u00f3n de tratamientos como la microdermoabrasi\u00f3n, tratamientos con l\u00e1ser e inyectables como rellenos y Botox. Est\u00e1 [&hellip;]<\/p>\n","protected":false},"author":3,"featured_media":0,"parent":2865,"menu_order":0,"comment_status":"closed","ping_status":"closed","template":"","meta":{"_acf_changed":false,"inline_featured_image":false,"site-sidebar-layout":"no-sidebar","site-content-layout":"page-builder","ast-site-content-layout":"full-width-container","site-content-style":"unboxed","site-sidebar-style":"unboxed","ast-global-header-display":"","ast-banner-title-visibility":"","ast-main-header-display":"","ast-hfb-above-header-display":"","ast-hfb-below-header-display":"","ast-hfb-mobile-header-display":"","site-post-title":"disabled","ast-breadcrumbs-content":"","ast-featured-img":"disabled","footer-sml-layout":"","ast-disable-related-posts":"","theme-transparent-header-meta":"","adv-header-id-meta":"","stick-header-meta":"","header-above-stick-meta":"","header-main-stick-meta":"","header-below-stick-meta":"","astra-migrate-meta-layouts":"set","ast-page-background-enabled":"default","ast-page-background-meta":{"desktop":{"background-color":"","background-image":"","background-repeat":"repeat","background-position":"center center","background-size":"auto","background-attachment":"scroll","background-type":"","background-media":"","overlay-type":"","overlay-color":"","overlay-opacity":"","overlay-gradient":""},"tablet":{"background-color":"","background-image":"","background-repeat":"repeat","background-position":"center center","background-size":"auto","background-attachment":"scroll","background-type":"","background-media":"","overlay-type":"","overlay-color":"","overlay-opacity":"","overlay-gradient":""},"mobile":{"background-color":"","background-image":"","background-repeat":"repeat","background-position":"center center","background-size":"auto","background-attachment":"scroll","background-type":"","background-media":"","overlay-type":"","overlay-color":"","overlay-opacity":"","overlay-gradient":""}},"ast-content-background-meta":{"desktop":{"background-color":"var(--ast-global-color-5)","background-image":"","background-repeat":"repeat","background-position":"center center","background-size":"auto","background-attachment":"scroll","background-type":"","background-media":"","overlay-type":"","overlay-color":"","overlay-opacity":"","overlay-gradient":""},"tablet":{"background-color":"var(--ast-global-color-5)","background-image":"","background-repeat":"repeat","background-position":"center center","background-size":"auto","background-attachment":"scroll","background-type":"","background-media":"","overlay-type":"","overlay-color":"","overlay-opacity":"","overlay-gradient":""},"mobile":{"background-color":"var(--ast-global-color-5)","background-image":"","background-repeat":"repeat","background-position":"center center","background-size":"auto","background-attachment":"scroll","background-type":"","background-media":"","overlay-type":"","overlay-color":"","overlay-opacity":"","overlay-gradient":""}},"footnotes":""},"class_list":["post-1495","page","type-page","status-publish","hentry"],"acf":[],"_links":{"self":[{"href":"https:\/\/urielplasticsurgery.com\/en\/wp-json\/wp\/v2\/pages\/1495","targetHints":{"allow":["GET"]}}],"collection":[{"href":"https:\/\/urielplasticsurgery.com\/en\/wp-json\/wp\/v2\/pages"}],"about":[{"href":"https:\/\/urielplasticsurgery.com\/en\/wp-json\/wp\/v2\/types\/page"}],"author":[{"embeddable":true,"href":"https:\/\/urielplasticsurgery.com\/en\/wp-json\/wp\/v2\/users\/3"}],"replies":[{"embeddable":true,"href":"https:\/\/urielplasticsurgery.com\/en\/wp-json\/wp\/v2\/comments?post=1495"}],"version-history":[{"count":0,"href":"https:\/\/urielplasticsurgery.com\/en\/wp-json\/wp\/v2\/pages\/1495\/revisions"}],"up":[{"embeddable":true,"href":"https:\/\/urielplasticsurgery.com\/en\/wp-json\/wp\/v2\/pages\/2865"}],"wp:attachment":[{"href":"https:\/\/urielplasticsurgery.com\/en\/wp-json\/wp\/v2\/media?parent=1495"}],"curies":[{"name":"wp","href":"https:\/\/api.w.org\/{rel}","templated":true}]}}