{"id":1488,"date":"2023-02-14T04:34:02","date_gmt":"2023-02-14T04:34:02","guid":{"rendered":"https:\/\/urielplasticsurgery.com\/?page_id=1488"},"modified":"2026-01-21T05:03:16","modified_gmt":"2026-01-21T05:03:16","slug":"blepharoplasty","status":"publish","type":"page","link":"https:\/\/urielplasticsurgery.com\/en\/plastic-surgery-mexico\/face\/blepharoplasty\/","title":{"rendered":"Blepharoplasty"},"content":{"rendered":"<div data-elementor-type=\"wp-page\" data-elementor-id=\"1488\" class=\"elementor elementor-1488\" data-elementor-post-type=\"page\">\n\t\t\t\t\t\t<section class=\"elementor-section elementor-top-section elementor-element elementor-element-5ca3cc4 elementor-section-boxed elementor-section-height-default elementor-section-height-default\" data-id=\"5ca3cc4\" data-element_type=\"section\" data-e-type=\"section\" data-settings=\"{&quot;background_background&quot;:&quot;classic&quot;}\">\n\t\t\t\t\t\t<div class=\"elementor-container elementor-column-gap-default\">\n\t\t\t\t\t<div class=\"elementor-column elementor-col-100 elementor-top-column elementor-element elementor-element-7ab7be9\" data-id=\"7ab7be9\" data-element_type=\"column\" data-e-type=\"column\">\n\t\t\t<div class=\"elementor-widget-wrap elementor-element-populated\">\n\t\t\t\t\t\t<div class=\"elementor-element elementor-element-f9f35fb elementor-widget elementor-widget-heading\" data-id=\"f9f35fb\" data-element_type=\"widget\" data-e-type=\"widget\" data-widget_type=\"heading.default\">\n\t\t\t\t\t<h1 class=\"elementor-heading-title elementor-size-default\">\u00bfQu\u00e9 es la Blefaroplastia?\n<\/h1>\t\t\t\t<\/div>\n\t\t\t\t<div class=\"elementor-element elementor-element-6591afc elementor-widget elementor-widget-text-editor\" data-id=\"6591afc\" data-element_type=\"widget\" data-e-type=\"widget\" data-widget_type=\"text-editor.default\">\n\t\t\t\t\t\t\t\t\t<p><span style=\"font-weight: 400;\">\u00a0Obtenga Resultados Naturales y Hermosos con el Dr. Uriel Mu\u00f1oz<\/span><\/p>\t\t\t\t\t\t\t\t<\/div>\n\t\t\t\t\t<\/div>\n\t\t<\/div>\n\t\t\t\t\t<\/div>\n\t\t<\/section>\n\t\t\t\t<section class=\"elementor-section elementor-top-section elementor-element elementor-element-9b963ef elementor-section-boxed elementor-section-height-default elementor-section-height-default\" data-id=\"9b963ef\" data-element_type=\"section\" data-e-type=\"section\">\n\t\t\t\t\t\t<div class=\"elementor-container elementor-column-gap-default\">\n\t\t\t\t\t<div class=\"elementor-column elementor-col-100 elementor-top-column elementor-element elementor-element-b16d775\" data-id=\"b16d775\" data-element_type=\"column\" data-e-type=\"column\">\n\t\t\t<div class=\"elementor-widget-wrap elementor-element-populated\">\n\t\t\t\t\t\t<div class=\"elementor-element elementor-element-eb4bab8 elementor-widget elementor-widget-heading\" data-id=\"eb4bab8\" data-element_type=\"widget\" data-e-type=\"widget\" data-widget_type=\"heading.default\">\n\t\t\t\t\t<h2 class=\"elementor-heading-title elementor-size-default\">\u00bfCu\u00e1l es el Prop\u00f3sito de la Blefaroplastia?\n<\/h2>\t\t\t\t<\/div>\n\t\t\t\t<div class=\"elementor-element elementor-element-79f6244 elementor-widget elementor-widget-text-editor\" data-id=\"79f6244\" data-element_type=\"widget\" data-e-type=\"widget\" data-widget_type=\"text-editor.default\">\n\t\t\t\t\t\t\t\t\t<p><span style=\"font-weight: 400;\">La Blefaroplastia es un procedimiento quir\u00fargico que ayuda a reducir la apariencia de arrugas, bolsas e hinchaz\u00f3n alrededor de los ojos. Puede utilizarse para mejorar el aspecto de los p\u00e1rpados superiores e inferiores, as\u00ed como la zona que rodea los ojos. El objetivo del procedimiento es mejorar el aspecto de la zona de los ojos y proporcionar una mirada m\u00e1s fresca y despierta.<\/span><\/p><p><span style=\"font-weight: 400;\">El objetivo del procedimiento es reducir el aspecto de las arrugas, las bolsas y la hinchaz\u00f3n alrededor de los ojos. Tambi\u00e9n puede ayudar a mejorar el contorno de los ojos y eliminar el exceso de piel, grasa y m\u00fasculos alrededor de los ojos. Los resultados de la Blefaroplastia pueden ser duraderos y proporcionar un aspecto m\u00e1s fresco y juvenil.<\/span><\/p>\t\t\t\t\t\t\t\t<\/div>\n\t\t\t\t<div class=\"elementor-element elementor-element-790281d elementor-widget elementor-widget-heading\" data-id=\"790281d\" data-element_type=\"widget\" data-e-type=\"widget\" data-widget_type=\"heading.default\">\n\t\t\t\t\t<h2 class=\"elementor-heading-title elementor-size-default\">Beneficios de la Blefaroplastia\n<\/h2>\t\t\t\t<\/div>\n\t\t\t\t<div class=\"elementor-element elementor-element-0c571a1 elementor-widget elementor-widget-text-editor\" data-id=\"0c571a1\" data-element_type=\"widget\" data-e-type=\"widget\" data-widget_type=\"text-editor.default\">\n\t\t\t\t\t\t\t\t\t<p><span style=\"font-weight: 400;\">La Blefaroplastia puede proporcionar una serie de beneficios, que incluyen: un aspecto m\u00e1s fresco y alerta, mejora del contorno de los ojos, reducci\u00f3n de arrugas, bolsas e hinchaz\u00f3n y eliminaci\u00f3n del exceso de piel, grasa y m\u00fasculos alrededor de los ojos. Los resultados de la blefaroplastia pueden ser duraderos y pueden proporcionar un aspecto m\u00e1s joven.<\/span><\/p>\t\t\t\t\t\t\t\t<\/div>\n\t\t\t\t<div class=\"elementor-element elementor-element-c7fa236 elementor-widget elementor-widget-heading\" data-id=\"c7fa236\" data-element_type=\"widget\" data-e-type=\"widget\" data-widget_type=\"heading.default\">\n\t\t\t\t\t<h3 class=\"elementor-heading-title elementor-size-default\">Riesgos y complicaciones\n<\/h3>\t\t\t\t<\/div>\n\t\t\t\t<div class=\"elementor-element elementor-element-2edfc3c elementor-widget elementor-widget-text-editor\" data-id=\"2edfc3c\" data-element_type=\"widget\" data-e-type=\"widget\" data-widget_type=\"text-editor.default\">\n\t\t\t\t\t\t\t\t\t<p><span style=\"font-weight: 400;\">La blefaroplastia es generalmente un procedimiento seguro y eficaz, pero como cualquier cirug\u00eda, existen riesgos y complicaciones que pueden ocurrir. Estos pueden incluir infecci\u00f3n, cicatrizaci\u00f3n e inflamaci\u00f3n. Es importante discutir los riesgos y posibles complicaciones con el Dr. Mu\u00f1oz antes del procedimiento.<\/span><\/p>\t\t\t\t\t\t\t\t<\/div>\n\t\t\t\t<div class=\"elementor-element elementor-element-bf953ca elementor-widget elementor-widget-heading\" data-id=\"bf953ca\" data-element_type=\"widget\" data-e-type=\"widget\" data-widget_type=\"heading.default\">\n\t\t\t\t\t<h2 class=\"elementor-heading-title elementor-size-default\">\u00bfQui\u00e9n es un buen candidato para la Blefaroplastia?<\/h2>\t\t\t\t<\/div>\n\t\t\t\t<div class=\"elementor-element elementor-element-ef5e9cf elementor-widget elementor-widget-text-editor\" data-id=\"ef5e9cf\" data-element_type=\"widget\" data-e-type=\"widget\" data-widget_type=\"text-editor.default\">\n\t\t\t\t\t\t\t\t\t<p><span style=\"font-weight: 400;\">La Blefaroplastia es una excelente opci\u00f3n para aquellos que est\u00e1n buscando una manera de reducir la apariencia de arrugas, bolsas e hinchaz\u00f3n alrededor de los ojos. Por lo general, es m\u00e1s adecuado para aquellos que tienen exceso de piel, grasa y m\u00fasculo alrededor de los ojos que les gustar\u00eda ser eliminado o mejorado. Es importante discutir sus metas y expectativas con el Dr. Mu\u00f1oz antes del procedimiento para asegurarse de que usted es un buen candidato para el procedimiento.<\/span><\/p>\t\t\t\t\t\t\t\t<\/div>\n\t\t\t\t<div class=\"elementor-element elementor-element-b6aa9bc elementor-widget elementor-widget-heading\" data-id=\"b6aa9bc\" data-element_type=\"widget\" data-e-type=\"widget\" data-widget_type=\"heading.default\">\n\t\t\t\t\t<h2 class=\"elementor-heading-title elementor-size-default\">\u00bfEst\u00e1 buscando mejorar el contorno de su rostro?\n<\/h2>\t\t\t\t<\/div>\n\t\t\t\t<div class=\"elementor-element elementor-element-9573399 elementor-widget elementor-widget-text-editor\" data-id=\"9573399\" data-element_type=\"widget\" data-e-type=\"widget\" data-widget_type=\"text-editor.default\">\n\t\t\t\t\t\t\t\t\t<p><span style=\"font-weight: 400;\">Si est\u00e1 buscando mejorar el contorno de su rostro, la bichectom\u00eda puede ser la soluci\u00f3n ideal. P\u00f3ngase en contacto con el Dr. Uriel Mu\u00f1oz, cirujano pl\u00e1stico certificado y experimentado, para obtener m\u00e1s informaci\u00f3n sobre c\u00f3mo la bichectom\u00eda puede ayudar a lograr sus objetivos est\u00e9ticos.<\/span><\/p>\t\t\t\t\t\t\t\t<\/div>\n\t\t\t\t<div class=\"elementor-element elementor-element-e20ee4a elementor-widget elementor-widget-heading\" data-id=\"e20ee4a\" data-element_type=\"widget\" data-e-type=\"widget\" data-widget_type=\"heading.default\">\n\t\t\t\t\t<h2 class=\"elementor-heading-title elementor-size-default\">Programe una Consulta con el Dr. Uriel Mu\u00f1oz Hoy<\/h2>\t\t\t\t<\/div>\n\t\t\t\t<div class=\"elementor-element elementor-element-368decb elementor-widget elementor-widget-text-editor\" data-id=\"368decb\" data-element_type=\"widget\" data-e-type=\"widget\" data-widget_type=\"text-editor.default\">\n\t\t\t\t\t\t\t\t\t<p><span style=\"font-weight: 400;\">Si usted est\u00e1 interesado en aprender m\u00e1s acerca de Blefaroplastia y c\u00f3mo puede ayudarlo a lograr resultados naturales y hermosos, p\u00f3ngase en contacto con el Dr. Mu\u00f1oz hoy para programar una consulta. \u00c9l estar\u00e1 encantado de discutir sus objetivos y expectativas y le proporcionar\u00e1 la informaci\u00f3n que necesita para tomar una decisi\u00f3n informada.<\/span><\/p>\t\t\t\t\t\t\t\t<\/div>\n\t\t\t\t\t<\/div>\n\t\t<\/div>\n\t\t\t\t\t<\/div>\n\t\t<\/section>\n\t\t\t\t<\/div>","protected":false},"excerpt":{"rendered":"<p>\u00bfQu\u00e9 es la Blefaroplastia? \u00a0Obtenga Resultados Naturales y Hermosos con el Dr. Uriel Mu\u00f1oz \u00bfCu\u00e1l es el Prop\u00f3sito de la Blefaroplastia? La Blefaroplastia es un procedimiento quir\u00fargico que ayuda a reducir la apariencia de arrugas, bolsas e hinchaz\u00f3n alrededor de los ojos. Puede utilizarse para mejorar el aspecto de los p\u00e1rpados superiores e inferiores, as\u00ed [&hellip;]<\/p>\n","protected":false},"author":3,"featured_media":1789,"parent":2865,"menu_order":0,"comment_status":"closed","ping_status":"closed","template":"","meta":{"_acf_changed":false,"inline_featured_image":false,"site-sidebar-layout":"no-sidebar","site-content-layout":"page-builder","ast-site-content-layout":"full-width-container","site-content-style":"unboxed","site-sidebar-style":"unboxed","ast-global-header-display":"","ast-banner-title-visibility":"","ast-main-header-display":"","ast-hfb-above-header-display":"","ast-hfb-below-header-display":"","ast-hfb-mobile-header-display":"","site-post-title":"disabled","ast-breadcrumbs-content":"","ast-featured-img":"disabled","footer-sml-layout":"","ast-disable-related-posts":"","theme-transparent-header-meta":"","adv-header-id-meta":"","stick-header-meta":"","header-above-stick-meta":"","header-main-stick-meta":"","header-below-stick-meta":"","astra-migrate-meta-layouts":"set","ast-page-background-enabled":"default","ast-page-background-meta":{"desktop":{"background-color":"","background-image":"","background-repeat":"repeat","background-position":"center center","background-size":"auto","background-attachment":"scroll","background-type":"","background-media":"","overlay-type":"","overlay-color":"","overlay-opacity":"","overlay-gradient":""},"tablet":{"background-color":"","background-image":"","background-repeat":"repeat","background-position":"center center","background-size":"auto","background-attachment":"scroll","background-type":"","background-media":"","overlay-type":"","overlay-color":"","overlay-opacity":"","overlay-gradient":""},"mobile":{"background-color":"","background-image":"","background-repeat":"repeat","background-position":"center center","background-size":"auto","background-attachment":"scroll","background-type":"","background-media":"","overlay-type":"","overlay-color":"","overlay-opacity":"","overlay-gradient":""}},"ast-content-background-meta":{"desktop":{"background-color":"var(--ast-global-color-5)","background-image":"","background-repeat":"repeat","background-position":"center center","background-size":"auto","background-attachment":"scroll","background-type":"","background-media":"","overlay-type":"","overlay-color":"","overlay-opacity":"","overlay-gradient":""},"tablet":{"background-color":"var(--ast-global-color-5)","background-image":"","background-repeat":"repeat","background-position":"center center","background-size":"auto","background-attachment":"scroll","background-type":"","background-media":"","overlay-type":"","overlay-color":"","overlay-opacity":"","overlay-gradient":""},"mobile":{"background-color":"var(--ast-global-color-5)","background-image":"","background-repeat":"repeat","background-position":"center center","background-size":"auto","background-attachment":"scroll","background-type":"","background-media":"","overlay-type":"","overlay-color":"","overlay-opacity":"","overlay-gradient":""}},"footnotes":""},"class_list":["post-1488","page","type-page","status-publish","has-post-thumbnail","hentry"],"acf":[],"_links":{"self":[{"href":"https:\/\/urielplasticsurgery.com\/en\/wp-json\/wp\/v2\/pages\/1488","targetHints":{"allow":["GET"]}}],"collection":[{"href":"https:\/\/urielplasticsurgery.com\/en\/wp-json\/wp\/v2\/pages"}],"about":[{"href":"https:\/\/urielplasticsurgery.com\/en\/wp-json\/wp\/v2\/types\/page"}],"author":[{"embeddable":true,"href":"https:\/\/urielplasticsurgery.com\/en\/wp-json\/wp\/v2\/users\/3"}],"replies":[{"embeddable":true,"href":"https:\/\/urielplasticsurgery.com\/en\/wp-json\/wp\/v2\/comments?post=1488"}],"version-history":[{"count":0,"href":"https:\/\/urielplasticsurgery.com\/en\/wp-json\/wp\/v2\/pages\/1488\/revisions"}],"up":[{"embeddable":true,"href":"https:\/\/urielplasticsurgery.com\/en\/wp-json\/wp\/v2\/pages\/2865"}],"wp:featuredmedia":[{"embeddable":true,"href":"https:\/\/urielplasticsurgery.com\/en\/wp-json\/wp\/v2\/media\/1789"}],"wp:attachment":[{"href":"https:\/\/urielplasticsurgery.com\/en\/wp-json\/wp\/v2\/media?parent=1488"}],"curies":[{"name":"wp","href":"https:\/\/api.w.org\/{rel}","templated":true}]}}