{"id":1469,"date":"2023-02-14T03:47:37","date_gmt":"2023-02-14T03:47:37","guid":{"rendered":"https:\/\/urielplasticsurgery.com\/?page_id=1469"},"modified":"2026-01-21T01:04:03","modified_gmt":"2026-01-21T01:04:03","slug":"bichectomy","status":"publish","type":"page","link":"https:\/\/urielplasticsurgery.com\/en\/plastic-surgery-mexico\/face\/bichectomy\/","title":{"rendered":"Bichectomy"},"content":{"rendered":"<div data-elementor-type=\"wp-page\" data-elementor-id=\"1469\" class=\"elementor elementor-1469\" data-elementor-post-type=\"page\">\n\t\t\t\t\t\t<section class=\"elementor-section elementor-top-section elementor-element elementor-element-9a62e0c elementor-section-height-min-height elementor-section-boxed elementor-section-height-default elementor-section-items-middle\" data-id=\"9a62e0c\" data-element_type=\"section\" data-e-type=\"section\" data-settings=\"{&quot;background_background&quot;:&quot;classic&quot;}\">\n\t\t\t\t\t\t<div class=\"elementor-container elementor-column-gap-default\">\n\t\t\t\t\t<div class=\"elementor-column elementor-col-100 elementor-top-column elementor-element elementor-element-00be9c4\" data-id=\"00be9c4\" data-element_type=\"column\" data-e-type=\"column\">\n\t\t\t<div class=\"elementor-widget-wrap elementor-element-populated\">\n\t\t\t\t\t\t<div class=\"elementor-element elementor-element-7065522 elementor-widget elementor-widget-text-editor\" data-id=\"7065522\" data-element_type=\"widget\" data-e-type=\"widget\" data-widget_type=\"text-editor.default\">\n\t\t\t\t\t\t\t\t\t<p><span style=\"font-weight: 400;\">Una soluci\u00f3n para mejorar el contorno de tu rostro<\/span><\/p>\t\t\t\t\t\t\t\t<\/div>\n\t\t\t\t\t<\/div>\n\t\t<\/div>\n\t\t\t\t\t<\/div>\n\t\t<\/section>\n\t\t\t\t<section class=\"elementor-section elementor-top-section elementor-element elementor-element-7804d64 elementor-section-boxed elementor-section-height-default elementor-section-height-default\" data-id=\"7804d64\" data-element_type=\"section\" data-e-type=\"section\">\n\t\t\t\t\t\t<div class=\"elementor-container elementor-column-gap-default\">\n\t\t\t\t\t<div class=\"elementor-column elementor-col-100 elementor-top-column elementor-element elementor-element-d9414de\" data-id=\"d9414de\" data-element_type=\"column\" data-e-type=\"column\">\n\t\t\t<div class=\"elementor-widget-wrap elementor-element-populated\">\n\t\t\t\t\t\t<div class=\"elementor-element elementor-element-6c5c771 elementor-widget elementor-widget-heading\" data-id=\"6c5c771\" data-element_type=\"widget\" data-e-type=\"widget\" data-widget_type=\"heading.default\">\n\t\t\t\t\t<h2 class=\"elementor-heading-title elementor-size-default\">\u00bfQu\u00e9 es la bichectom\u00eda?\n<\/h2>\t\t\t\t<\/div>\n\t\t\t\t<div class=\"elementor-element elementor-element-308d060 elementor-widget elementor-widget-text-editor\" data-id=\"308d060\" data-element_type=\"widget\" data-e-type=\"widget\" data-widget_type=\"text-editor.default\">\n\t\t\t\t\t\t\t\t\t<p>La bichectom\u00eda es un procedimiento quir\u00fargico est\u00e9tico en el que se extirpan las bolsas de grasa de las mejillas, conocidas como bolsas de Bichat. Estas bolsas de grasa se encuentran debajo de los p\u00f3mulos, en las mejillas, y son m\u00e1s prominentes en algunas personas que en otras.&nbsp;<\/p><p>La bichectom\u00eda se realiza para reducir el tama\u00f1o de las mejillas y mejorar el contorno facial, lo que puede dar lugar a una apariencia m\u00e1s delgada y estilizada del rostro. Es un procedimiento ambulatorio que se realiza bajo anestesia local y suele durar aproximadamente una hora. La recuperaci\u00f3n puede tardar unos pocos d\u00edas y se recomienda evitar actividades f\u00edsicas intensas y alimentos duros durante ese tiempo.<br><\/p>\t\t\t\t\t\t\t\t<\/div>\n\t\t\t\t<div class=\"elementor-element elementor-element-922934d elementor-widget elementor-widget-heading\" data-id=\"922934d\" data-element_type=\"widget\" data-e-type=\"widget\" data-widget_type=\"heading.default\">\n\t\t\t\t\t<h2 class=\"elementor-heading-title elementor-size-default\">\u00bfC\u00f3mo se prepara un paciente para la bichectom\u00eda?\n<\/h2>\t\t\t\t<\/div>\n\t\t\t\t<div class=\"elementor-element elementor-element-9101a08 elementor-widget elementor-widget-text-editor\" data-id=\"9101a08\" data-element_type=\"widget\" data-e-type=\"widget\" data-widget_type=\"text-editor.default\">\n\t\t\t\t\t\t\t\t\t<p><span style=\"font-weight: 400;\">Antes de someterse a la bichectom\u00eda, el cirujano le dar\u00e1 al paciente una serie de instrucciones para preparar para la cirug\u00eda. Estas instrucciones resultar\u00e1n en una descripci\u00f3n de c\u00f3mo preparar la cirug\u00eda, as\u00ed como una lista de medicamentos y suplementos que el paciente debe evitar antes de la cirug\u00eda.<\/span><\/p><p><span style=\"font-weight: 400;\">\u00a0<\/span><\/p>\t\t\t\t\t\t\t\t<\/div>\n\t\t\t\t<div class=\"elementor-element elementor-element-17bb8c3 elementor-widget elementor-widget-heading\" data-id=\"17bb8c3\" data-element_type=\"widget\" data-e-type=\"widget\" data-widget_type=\"heading.default\">\n\t\t\t\t\t<h3 class=\"elementor-heading-title elementor-size-default\">Cuidados postoperatorios de la BICHECTOMIA\n<\/h3>\t\t\t\t<\/div>\n\t\t\t\t<div class=\"elementor-element elementor-element-eff5e06 elementor-widget elementor-widget-text-editor\" data-id=\"eff5e06\" data-element_type=\"widget\" data-e-type=\"widget\" data-widget_type=\"text-editor.default\">\n\t\t\t\t\t\t\t\t\t<p>La bichectom\u00eda es la intervenci\u00f3n quir\u00fargica m\u00e1s frecuente en Estados Unidos. Cuidados postoperatorios de la BICHECTOMIA<\/p><p>El per\u00edodo de recuperaci\u00f3n tras la cirug\u00eda es un momento de gran estr\u00e9s y ansiedad para los pacientes. Las siguientes pautas le ayudar\u00e1n a superar este dif\u00edcil momento lo m\u00e1s f\u00e1cilmente posible:<\/p><p>Su periodo de recuperaci\u00f3n variar\u00e1 en funci\u00f3n de su edad, estado m\u00e9dico y salud general. Algunos pacientes se recuperan r\u00e1pidamente, mientras que otros tardan mucho m\u00e1s. Es importante que siga las instrucciones de su m\u00e9dico sobre cu\u00e1ndo puede volver a trabajar, conducir o realizar otras actividades. Tambi\u00e9n debe evitar las actividades extenuantes hasta que la curaci\u00f3n haya progresado lo suficiente.<\/p><p>Es posible que sienta alguna molestia o dolor despu\u00e9s de la intervenci\u00f3n, pero deber\u00eda disminuir en unos d\u00edas. No obstante, si experimenta dolor intenso o fiebre, p\u00f3ngase en contacto con nosotros inmediatamente para que pueda determinar si existe alg\u00fan problema y tomar las medidas oportunas.<\/p><p>\u00a0<\/p>\t\t\t\t\t\t\t\t<\/div>\n\t\t\t\t<div class=\"elementor-element elementor-element-67dc6e0 elementor-widget elementor-widget-heading\" data-id=\"67dc6e0\" data-element_type=\"widget\" data-e-type=\"widget\" data-widget_type=\"heading.default\">\n\t\t\t\t\t<h2 class=\"elementor-heading-title elementor-size-default\">\u00bfCu\u00e1les son los riesgos de la bichectom\u00eda?\n<\/h2>\t\t\t\t<\/div>\n\t\t\t\t<div class=\"elementor-element elementor-element-a604bb6 elementor-widget elementor-widget-text-editor\" data-id=\"a604bb6\" data-element_type=\"widget\" data-e-type=\"widget\" data-widget_type=\"text-editor.default\">\n\t\t\t\t\t\t\t\t\t<p><span style=\"font-weight: 400;\">La bichectom\u00eda es un procedimiento seguro cuando se realiza por un cirujano pl\u00e1stico certificado y experimentado. Los riesgos m\u00e1s comunes asociados con la bichectom\u00eda incluyen hematomas, infecci\u00f3n, cicatrices y reacciones al\u00e9rgicas a los anest\u00e9sicos utilizados durante el procedimiento.<\/span><\/p><p><span style=\"font-weight: 400;\">\u00a0<\/span><\/p>\t\t\t\t\t\t\t\t<\/div>\n\t\t\t\t<div class=\"elementor-element elementor-element-b66fed9 elementor-widget elementor-widget-heading\" data-id=\"b66fed9\" data-element_type=\"widget\" data-e-type=\"widget\" data-widget_type=\"heading.default\">\n\t\t\t\t\t<h2 class=\"elementor-heading-title elementor-size-default\">\u00bfEst\u00e1 buscando mejorar el contorno de su rostro?\n<\/h2>\t\t\t\t<\/div>\n\t\t\t\t<div class=\"elementor-element elementor-element-59e6815 elementor-widget elementor-widget-text-editor\" data-id=\"59e6815\" data-element_type=\"widget\" data-e-type=\"widget\" data-widget_type=\"text-editor.default\">\n\t\t\t\t\t\t\t\t\t<p><span style=\"font-weight: 400;\">Si est\u00e1 buscando mejorar el contorno de su rostro, la bichectom\u00eda puede ser la soluci\u00f3n ideal. P\u00f3ngase en contacto con el Dr. Uriel Mu\u00f1oz, cirujano pl\u00e1stico certificado y experimentado, para obtener m\u00e1s informaci\u00f3n sobre c\u00f3mo la bichectom\u00eda puede ayudar a lograr sus objetivos est\u00e9ticos.<\/span><\/p>\t\t\t\t\t\t\t\t<\/div>\n\t\t\t\t\t<\/div>\n\t\t<\/div>\n\t\t\t\t\t<\/div>\n\t\t<\/section>\n\t\t\t\t<\/div>","protected":false},"excerpt":{"rendered":"<p>Una soluci\u00f3n para mejorar el contorno de tu rostro \u00bfQu\u00e9 es la bichectom\u00eda? La bichectom\u00eda es un procedimiento quir\u00fargico est\u00e9tico en el que se extirpan las bolsas de grasa de las mejillas, conocidas como bolsas de Bichat. Estas bolsas de grasa se encuentran debajo de los p\u00f3mulos, en las mejillas, y son m\u00e1s prominentes en [&hellip;]<\/p>\n","protected":false},"author":3,"featured_media":0,"parent":2865,"menu_order":0,"comment_status":"closed","ping_status":"closed","template":"","meta":{"_acf_changed":false,"inline_featured_image":false,"site-sidebar-layout":"no-sidebar","site-content-layout":"page-builder","ast-site-content-layout":"full-width-container","site-content-style":"unboxed","site-sidebar-style":"unboxed","ast-global-header-display":"","ast-banner-title-visibility":"","ast-main-header-display":"","ast-hfb-above-header-display":"","ast-hfb-below-header-display":"","ast-hfb-mobile-header-display":"","site-post-title":"disabled","ast-breadcrumbs-content":"","ast-featured-img":"disabled","footer-sml-layout":"","ast-disable-related-posts":"","theme-transparent-header-meta":"","adv-header-id-meta":"","stick-header-meta":"","header-above-stick-meta":"","header-main-stick-meta":"","header-below-stick-meta":"","astra-migrate-meta-layouts":"set","ast-page-background-enabled":"default","ast-page-background-meta":{"desktop":{"background-color":"","background-image":"","background-repeat":"repeat","background-position":"center center","background-size":"auto","background-attachment":"scroll","background-type":"","background-media":"","overlay-type":"","overlay-color":"","overlay-opacity":"","overlay-gradient":""},"tablet":{"background-color":"","background-image":"","background-repeat":"repeat","background-position":"center center","background-size":"auto","background-attachment":"scroll","background-type":"","background-media":"","overlay-type":"","overlay-color":"","overlay-opacity":"","overlay-gradient":""},"mobile":{"background-color":"","background-image":"","background-repeat":"repeat","background-position":"center center","background-size":"auto","background-attachment":"scroll","background-type":"","background-media":"","overlay-type":"","overlay-color":"","overlay-opacity":"","overlay-gradient":""}},"ast-content-background-meta":{"desktop":{"background-color":"var(--ast-global-color-5)","background-image":"","background-repeat":"repeat","background-position":"center center","background-size":"auto","background-attachment":"scroll","background-type":"","background-media":"","overlay-type":"","overlay-color":"","overlay-opacity":"","overlay-gradient":""},"tablet":{"background-color":"var(--ast-global-color-5)","background-image":"","background-repeat":"repeat","background-position":"center center","background-size":"auto","background-attachment":"scroll","background-type":"","background-media":"","overlay-type":"","overlay-color":"","overlay-opacity":"","overlay-gradient":""},"mobile":{"background-color":"var(--ast-global-color-5)","background-image":"","background-repeat":"repeat","background-position":"center center","background-size":"auto","background-attachment":"scroll","background-type":"","background-media":"","overlay-type":"","overlay-color":"","overlay-opacity":"","overlay-gradient":""}},"footnotes":""},"class_list":["post-1469","page","type-page","status-publish","hentry"],"acf":[],"_links":{"self":[{"href":"https:\/\/urielplasticsurgery.com\/en\/wp-json\/wp\/v2\/pages\/1469","targetHints":{"allow":["GET"]}}],"collection":[{"href":"https:\/\/urielplasticsurgery.com\/en\/wp-json\/wp\/v2\/pages"}],"about":[{"href":"https:\/\/urielplasticsurgery.com\/en\/wp-json\/wp\/v2\/types\/page"}],"author":[{"embeddable":true,"href":"https:\/\/urielplasticsurgery.com\/en\/wp-json\/wp\/v2\/users\/3"}],"replies":[{"embeddable":true,"href":"https:\/\/urielplasticsurgery.com\/en\/wp-json\/wp\/v2\/comments?post=1469"}],"version-history":[{"count":0,"href":"https:\/\/urielplasticsurgery.com\/en\/wp-json\/wp\/v2\/pages\/1469\/revisions"}],"up":[{"embeddable":true,"href":"https:\/\/urielplasticsurgery.com\/en\/wp-json\/wp\/v2\/pages\/2865"}],"wp:attachment":[{"href":"https:\/\/urielplasticsurgery.com\/en\/wp-json\/wp\/v2\/media?parent=1469"}],"curies":[{"name":"wp","href":"https:\/\/api.w.org\/{rel}","templated":true}]}}